{"id":17,"date":"2021-04-22T11:09:38","date_gmt":"2021-04-22T11:09:38","guid":{"rendered":"https:\/\/ld-wp73.template-help.com\/monstroid2\/skins\/litech\/?page_id=17"},"modified":"2026-03-02T10:03:03","modified_gmt":"2026-03-02T10:03:03","slug":"czlonkowie","status":"publish","type":"page","link":"https:\/\/pue.edu.pl\/en\/czlonkowie\/","title":{"rendered":"Members"},"content":{"rendered":"<div data-elementor-type=\"wp-page\" data-elementor-id=\"17\" class=\"elementor elementor-17\" data-elementor-post-type=\"page\">\n\t\t\t\t<div class=\"elementor-element elementor-element-6d4bf76 e-con-full e-flex e-con e-parent\" data-id=\"6d4bf76\" data-element_type=\"container\" data-e-type=\"container\" data-settings=\"{&quot;jet_parallax_layout_list&quot;:[],&quot;background_background&quot;:&quot;classic&quot;}\">\n\t\t<div class=\"elementor-element elementor-element-47197cc9 e-con-full e-flex elementor-invisible e-con e-child\" data-id=\"47197cc9\" data-element_type=\"container\" data-e-type=\"container\" data-settings=\"{&quot;jet_parallax_layout_list&quot;:[],&quot;background_background&quot;:&quot;classic&quot;,&quot;animation&quot;:&quot;slideInUp&quot;}\">\n\t\t<div class=\"elementor-element elementor-element-6366ffb5 e-con-full e-flex e-con e-child\" data-id=\"6366ffb5\" data-element_type=\"container\" data-e-type=\"container\" data-settings=\"{&quot;jet_parallax_layout_list&quot;:[]}\">\n\t\t\t\t<div class=\"elementor-element elementor-element-7f50d608 elementor-widget elementor-widget-heading\" data-id=\"7f50d608\" data-element_type=\"widget\" data-e-type=\"widget\" data-widget_type=\"heading.default\">\n\t\t\t\t<div class=\"elementor-widget-container\">\n\t\t\t\t\t<h2 class=\"elementor-heading-title elementor-size-default\">Members<\/h2>\t\t\t\t<\/div>\n\t\t\t\t<\/div>\n\t\t\t\t<\/div>\n\t\t<div class=\"elementor-element elementor-element-70a10a3 e-con-full e-flex e-con e-child\" data-id=\"70a10a3\" data-element_type=\"container\" data-e-type=\"container\" data-settings=\"{&quot;jet_parallax_layout_list&quot;:[]}\">\n\t\t\t\t<div class=\"elementor-element elementor-element-1d24d9b2 elementor-widget elementor-widget-text-editor\" data-id=\"1d24d9b2\" data-element_type=\"widget\" data-e-type=\"widget\" data-widget_type=\"text-editor.default\">\n\t\t\t\t<div class=\"elementor-widget-container\">\n\t\t\t\t\t\t\t\t\t<p>Institutional members of the Union may be employers operating in the Republic of Poland, in particular universities, schools and other entities acting in the field of education and science, and individual members may be natural persons involved in the broadly understood environment of education and science.<\/p>\t\t\t\t\t\t\t\t<\/div>\n\t\t\t\t<\/div>\n\t\t\t\t<\/div>\n\t\t\t\t<\/div>\n\t\t\t\t<\/div>\n\t\t<div class=\"elementor-element elementor-element-cfc2eee e-flex e-con-boxed e-con e-parent\" data-id=\"cfc2eee\" data-element_type=\"container\" data-e-type=\"container\" data-settings=\"{&quot;jet_parallax_layout_list&quot;:[]}\">\n\t\t\t\t\t<div class=\"e-con-inner\">\n\t\t\t\t<div class=\"elementor-element elementor-element-ebb7291 elementor-widget elementor-widget-jet-brands\" data-id=\"ebb7291\" data-element_type=\"widget\" data-e-type=\"widget\" data-widget_type=\"jet-brands.default\">\n\t\t\t\t<div class=\"elementor-widget-container\">\n\t\t\t\t\t<div class=\"elementor-jet-brands jet-elements\"><div class=\"brands-wrap\">\n\t<div class=\"brands-list col-row\"><div class=\"brands-list__item\"><a class=\"brands-list__item-link\" href=\"https:\/\/pue.edu.pl\/en\/czlonkowie\/2-spoleczne-liceum-ogolnoksztalcace-z-oddzialami-miedzynarodowymi-im-p-jasienicy-sto\/\"><div class=\"brands-list__item-img-wrap\"><img decoding=\"async\" src=\"https:\/\/pue.edu.pl\/wp-content\/uploads\/2024\/09\/slo_logo.jpg\" alt=\"slo_logo\" class=\"brands-list__item-img\" loading=\"lazy\"><\/div><\/a><\/div>\n<div class=\"brands-list__item\"><a class=\"brands-list__item-link\" href=\"https:\/\/pue.edu.pl\/en\/czlonkowie\/akademia-gornoslaska\/\"><div class=\"brands-list__item-img-wrap\"><img decoding=\"async\" src=\"https:\/\/pue.edu.pl\/wp-content\/uploads\/2024\/01\/ag-logo-343-copy.jpg\" alt=\"ag-logo-343 copy\" class=\"brands-list__item-img\" loading=\"lazy\"><\/div><\/a><\/div>\n<div class=\"brands-list__item\"><a class=\"brands-list__item-link\" href=\"https:\/\/pue.edu.pl\/en\/czlonkowie\/akademia-leona-kozminskiego\/\"><div class=\"brands-list__item-img-wrap\"><img decoding=\"async\" src=\"https:\/\/pue.edu.pl\/wp-content\/uploads\/2024\/01\/alk-e1706092734414.jpg\" alt=\"alk\" class=\"brands-list__item-img\" loading=\"lazy\"><\/div><\/a><\/div>\n<div class=\"brands-list__item\"><a class=\"brands-list__item-link\" href=\"https:\/\/pue.edu.pl\/en\/czlonkowie\/akademia-wsb\/\"><div class=\"brands-list__item-img-wrap\"><img decoding=\"async\" src=\"https:\/\/pue.edu.pl\/wp-content\/uploads\/2024\/01\/akademia_wsb.jpg\" alt=\"akademia_wsb\" class=\"brands-list__item-img\" loading=\"lazy\"><\/div><\/a><\/div>\n<\/div><\/div><\/div>\t\t\t\t<\/div>\n\t\t\t\t<\/div>\n\t\t\t\t\t<\/div>\n\t\t\t\t<\/div>\n\t\t<div class=\"elementor-element elementor-element-4568f6a e-flex e-con-boxed e-con e-parent\" data-id=\"4568f6a\" data-element_type=\"container\" data-e-type=\"container\" data-settings=\"{&quot;jet_parallax_layout_list&quot;:[]}\">\n\t\t\t\t\t<div class=\"e-con-inner\">\n\t\t\t\t<div class=\"elementor-element elementor-element-59ad4d7 elementor-widget elementor-widget-jet-brands\" data-id=\"59ad4d7\" data-element_type=\"widget\" data-e-type=\"widget\" data-widget_type=\"jet-brands.default\">\n\t\t\t\t<div class=\"elementor-widget-container\">\n\t\t\t\t\t<div class=\"elementor-jet-brands jet-elements\"><div class=\"brands-wrap\">\n\t<div class=\"brands-list col-row\"><div class=\"brands-list__item\"><a class=\"brands-list__item-link\" href=\"https:\/\/pue.edu.pl\/en\/czlonkowie\/collegium-civitas\/\"><div class=\"brands-list__item-img-wrap\"><img decoding=\"async\" src=\"https:\/\/pue.edu.pl\/wp-content\/uploads\/2025\/07\/logo_civitas_pion_kolor_rgb.png\" alt=\"logo_civitas_pion_kolor_rgb\" class=\"brands-list__item-img\" loading=\"lazy\"><\/div><\/a><\/div>\n<div class=\"brands-list__item\"><a class=\"brands-list__item-link\" href=\"https:\/\/pue.edu.pl\/en\/czlonkowie\/krajowe-forum-oswiaty-niepublicznej\/\"><div class=\"brands-list__item-img-wrap\"><img decoding=\"async\" src=\"https:\/\/pue.edu.pl\/wp-content\/uploads\/2024\/01\/kfon.jpg\" alt=\"kfon\" class=\"brands-list__item-img\" loading=\"lazy\"><\/div><\/a><\/div>\n<div class=\"brands-list__item\"><a class=\"brands-list__item-link\" href=\"https:\/\/pue.edu.pl\/en\/czlonkowie\/krakowska-akademia-im-andrzeja-frycza-modrzewskiego\/\"><div class=\"brands-list__item-img-wrap\"><img decoding=\"async\" src=\"https:\/\/pue.edu.pl\/wp-content\/uploads\/2024\/09\/UniwAFM_opis_logo-1.jpg\" alt=\"UniwAFM_opis_logo-1\" class=\"brands-list__item-img\" loading=\"lazy\"><\/div><\/a><\/div>\n<div class=\"brands-list__item\"><a class=\"brands-list__item-link\" href=\"https:\/\/pue.edu.pl\/en\/czlonkowie\/collegium-da-vinci\/\"><div class=\"brands-list__item-img-wrap\"><img decoding=\"async\" src=\"https:\/\/pue.edu.pl\/wp-content\/uploads\/2024\/07\/logo_cdv_b-2.png\" alt=\"logo_cdv_b\" class=\"brands-list__item-img\" loading=\"lazy\"><\/div><\/a><\/div>\n<\/div><\/div><\/div>\t\t\t\t<\/div>\n\t\t\t\t<\/div>\n\t\t\t\t\t<\/div>\n\t\t\t\t<\/div>\n\t\t<div class=\"elementor-element elementor-element-6e56e29 e-flex e-con-boxed e-con e-parent\" data-id=\"6e56e29\" data-element_type=\"container\" data-e-type=\"container\" data-settings=\"{&quot;jet_parallax_layout_list&quot;:[]}\">\n\t\t\t\t\t<div class=\"e-con-inner\">\n\t\t\t\t<div class=\"elementor-element elementor-element-1938f79 elementor-widget elementor-widget-jet-brands\" data-id=\"1938f79\" data-element_type=\"widget\" data-e-type=\"widget\" data-widget_type=\"jet-brands.default\">\n\t\t\t\t<div class=\"elementor-widget-container\">\n\t\t\t\t\t<div class=\"elementor-jet-brands jet-elements\"><div class=\"brands-wrap\">\n\t<div class=\"brands-list col-row\"><div class=\"brands-list__item\"><a class=\"brands-list__item-link\" href=\"https:\/\/pue.edu.pl\/en\/czlonkowie\/lodzka-szkola-mody-kosmetologii-fryzjerstwa-anagra\/\"><div class=\"brands-list__item-img-wrap\"><img decoding=\"async\" src=\"https:\/\/pue.edu.pl\/wp-content\/uploads\/2024\/01\/anagra.jpg\" alt=\"anagra\" class=\"brands-list__item-img\" loading=\"lazy\"><\/div><\/a><\/div>\n<div class=\"brands-list__item\"><a class=\"brands-list__item-link\" href=\"https:\/\/pue.edu.pl\/en\/czlonkowie\/spoleczne-towarzystwo-oswiatowe\/\"><div class=\"brands-list__item-img-wrap\"><img decoding=\"async\" src=\"https:\/\/pue.edu.pl\/wp-content\/uploads\/2024\/01\/sto.jpg\" alt=\"sto\" class=\"brands-list__item-img\" loading=\"lazy\"><\/div><\/a><\/div>\n<div class=\"brands-list__item\"><a class=\"brands-list__item-link\" href=\"https:\/\/pue.edu.pl\/en\/czlonkowie\/swps-uniwersytet-humanistycznospoleczny\/\"><div class=\"brands-list__item-img-wrap\"><img decoding=\"async\" src=\"https:\/\/pue.edu.pl\/wp-content\/uploads\/2024\/01\/swps.jpg\" alt=\"swps\" class=\"brands-list__item-img\" loading=\"lazy\"><\/div><\/a><\/div>\n<div class=\"brands-list__item\"><a class=\"brands-list__item-link\" href=\"https:\/\/pue.edu.pl\/en\/czlonkowie\/szkola-glowna-turystyki-i-hotelarstwa-vistula\/\"><div class=\"brands-list__item-img-wrap\"><img decoding=\"async\" src=\"https:\/\/pue.edu.pl\/wp-content\/uploads\/2024\/01\/sgtih_vistula.jpg\" alt=\"sgtih_vistula\" class=\"brands-list__item-img\" loading=\"lazy\"><\/div><\/a><\/div>\n<\/div><\/div><\/div>\t\t\t\t<\/div>\n\t\t\t\t<\/div>\n\t\t\t\t\t<\/div>\n\t\t\t\t<\/div>\n\t\t<div class=\"elementor-element elementor-element-2d3df47 e-flex e-con-boxed e-con e-parent\" data-id=\"2d3df47\" data-element_type=\"container\" data-e-type=\"container\" data-settings=\"{&quot;jet_parallax_layout_list&quot;:[]}\">\n\t\t\t\t\t<div class=\"e-con-inner\">\n\t\t\t\t<div class=\"elementor-element elementor-element-8181664 elementor-widget elementor-widget-jet-brands\" data-id=\"8181664\" data-element_type=\"widget\" data-e-type=\"widget\" data-widget_type=\"jet-brands.default\">\n\t\t\t\t<div class=\"elementor-widget-container\">\n\t\t\t\t\t<div class=\"elementor-jet-brands jet-elements\"><div class=\"brands-wrap\">\n\t<div class=\"brands-list col-row\"><div class=\"brands-list__item\"><a class=\"brands-list__item-link\" href=\"https:\/\/pue.edu.pl\/en\/czlonkowie\/uczelnia-lazarskiego\/\"><div class=\"brands-list__item-img-wrap\"><img decoding=\"async\" src=\"https:\/\/pue.edu.pl\/wp-content\/uploads\/2024\/01\/uczelnia_lazarskiego-1.jpg\" alt=\"uczelnia_lazarskiego-1\" class=\"brands-list__item-img\" loading=\"lazy\"><\/div><\/a><\/div>\n<div class=\"brands-list__item\"><a class=\"brands-list__item-link\" href=\"https:\/\/pue.edu.pl\/en\/czlonkowie\/dolnoslaska-szkola-wyzsza\/\"><div class=\"brands-list__item-img-wrap\"><img decoding=\"async\" src=\"https:\/\/pue.edu.pl\/wp-content\/uploads\/2024\/01\/uniwersytet-dsw.jpg\" alt=\"uniwersytet-dsw\" class=\"brands-list__item-img\" loading=\"lazy\"><\/div><\/a><\/div>\n<div class=\"brands-list__item\"><a class=\"brands-list__item-link\" href=\"https:\/\/pue.edu.pl\/en\/czlonkowie\/wyzsza-szkole-bankowa-w-gdansku\/\"><div class=\"brands-list__item-img-wrap\"><img decoding=\"async\" src=\"https:\/\/pue.edu.pl\/wp-content\/uploads\/2024\/01\/merito-gdansk.jpg\" alt=\"merito-gdansk\" class=\"brands-list__item-img\" loading=\"lazy\"><\/div><\/a><\/div>\n<div class=\"brands-list__item\"><a class=\"brands-list__item-link\" href=\"https:\/\/pue.edu.pl\/en\/czlonkowie\/uniwersytet-wsb-merito-torun\/\"><div class=\"brands-list__item-img-wrap\"><img decoding=\"async\" src=\"https:\/\/pue.edu.pl\/wp-content\/uploads\/2024\/01\/merito-torun.jpg\" alt=\"merito-torun\" class=\"brands-list__item-img\" loading=\"lazy\"><\/div><\/a><\/div>\n<\/div><\/div><\/div>\t\t\t\t<\/div>\n\t\t\t\t<\/div>\n\t\t\t\t\t<\/div>\n\t\t\t\t<\/div>\n\t\t<div class=\"elementor-element elementor-element-262fa01 e-flex e-con-boxed e-con e-parent\" data-id=\"262fa01\" data-element_type=\"container\" data-e-type=\"container\" data-settings=\"{&quot;jet_parallax_layout_list&quot;:[]}\">\n\t\t\t\t\t<div class=\"e-con-inner\">\n\t\t\t\t<div class=\"elementor-element elementor-element-441c051 elementor-widget elementor-widget-jet-brands\" data-id=\"441c051\" data-element_type=\"widget\" data-e-type=\"widget\" data-widget_type=\"jet-brands.default\">\n\t\t\t\t<div class=\"elementor-widget-container\">\n\t\t\t\t\t<div class=\"elementor-jet-brands jet-elements\"><div class=\"brands-wrap\">\n\t<div class=\"brands-list col-row\"><div class=\"brands-list__item\"><a class=\"brands-list__item-link\" href=\"https:\/\/pue.edu.pl\/en\/czlonkowie\/uniwersytet-wsb-merito-wroclaw\/\"><div class=\"brands-list__item-img-wrap\"><img decoding=\"async\" src=\"https:\/\/pue.edu.pl\/wp-content\/uploads\/2024\/01\/merito-wroclaw.jpg\" alt=\"merito-wroclaw\" class=\"brands-list__item-img\" loading=\"lazy\"><\/div><\/a><\/div>\n<div class=\"brands-list__item\"><a class=\"brands-list__item-link\" href=\"https:\/\/pue.edu.pl\/en\/czlonkowie\/uniwersytet-wsb-merito-poznan\/\"><div class=\"brands-list__item-img-wrap\"><img decoding=\"async\" src=\"https:\/\/pue.edu.pl\/wp-content\/uploads\/2024\/01\/merito-poznan.jpg\" alt=\"merito-poznan\" class=\"brands-list__item-img\" loading=\"lazy\"><\/div><\/a><\/div>\n<div class=\"brands-list__item\"><a class=\"brands-list__item-link\" href=\"https:\/\/pue.edu.pl\/en\/czlonkowie\/wsip\/\"><div class=\"brands-list__item-img-wrap\"><img decoding=\"async\" src=\"https:\/\/pue.edu.pl\/wp-content\/uploads\/2024\/01\/wsip-1.jpg\" alt=\"wsip\" class=\"brands-list__item-img\" loading=\"lazy\"><\/div><\/a><\/div>\n<div class=\"brands-list__item\"><a class=\"brands-list__item-link\" href=\"https:\/\/pue.edu.pl\/en\/czlonkowie\/wsb-nlu\/\"><div class=\"brands-list__item-img-wrap\"><img decoding=\"async\" src=\"https:\/\/pue.edu.pl\/wp-content\/uploads\/2024\/01\/wsb_nlu.jpg\" alt=\"wsb_nlu\" class=\"brands-list__item-img\" loading=\"lazy\"><\/div><\/a><\/div>\n<\/div><\/div><\/div>\t\t\t\t<\/div>\n\t\t\t\t<\/div>\n\t\t\t\t\t<\/div>\n\t\t\t\t<\/div>\n\t\t<div class=\"elementor-element elementor-element-163b2b4 e-flex e-con-boxed e-con e-parent\" data-id=\"163b2b4\" data-element_type=\"container\" data-e-type=\"container\" data-settings=\"{&quot;jet_parallax_layout_list&quot;:[]}\">\n\t\t\t\t\t<div class=\"e-con-inner\">\n\t\t\t\t<div class=\"elementor-element elementor-element-25f411a elementor-widget elementor-widget-jet-brands\" data-id=\"25f411a\" data-element_type=\"widget\" data-e-type=\"widget\" data-widget_type=\"jet-brands.default\">\n\t\t\t\t<div class=\"elementor-widget-container\">\n\t\t\t\t\t<div class=\"elementor-jet-brands jet-elements\"><div class=\"brands-wrap\">\n\t<div class=\"brands-list col-row\"><div class=\"brands-list__item\"><a class=\"brands-list__item-link\" href=\"https:\/\/pue.edu.pl\/en\/czlonkowie\/wyzsza-szkola-humanitas\/\"><div class=\"brands-list__item-img-wrap\"><img decoding=\"async\" src=\"https:\/\/pue.edu.pl\/wp-content\/uploads\/2024\/05\/Akademia-Humanitas-Granata.png\" alt=\"Akademia Humanitas Granata\" class=\"brands-list__item-img\" loading=\"lazy\"><\/div><\/a><\/div>\n<div class=\"brands-list__item\"><a class=\"brands-list__item-link\" href=\"https:\/\/pue.edu.pl\/en\/czlonkowie\/wyzsza-szkola-informatyki-i-zarzadzania\/\"><div class=\"brands-list__item-img-wrap\"><img decoding=\"async\" src=\"https:\/\/pue.edu.pl\/wp-content\/uploads\/2024\/01\/wsiz_rzeszow.jpg\" alt=\"wsiz_rzeszow\" class=\"brands-list__item-img\" loading=\"lazy\"><\/div><\/a><\/div>\n<div class=\"brands-list__item\"><a class=\"brands-list__item-link\" href=\"https:\/\/pue.edu.pl\/en\/czlonkowie\/uczelnia-korczaka\/\"><div class=\"brands-list__item-img-wrap\"><img decoding=\"async\" src=\"https:\/\/pue.edu.pl\/wp-content\/uploads\/2024\/01\/uczelnia_korczaka.jpg\" alt=\"uczelnia_korczaka\" class=\"brands-list__item-img\" loading=\"lazy\"><\/div><\/a><\/div>\n<div class=\"brands-list__item\"><a class=\"brands-list__item-link\" href=\"https:\/\/pue.edu.pl\/en\/czlonkowie\/no-bell\/\"><div class=\"brands-list__item-img-wrap\"><img decoding=\"async\" src=\"https:\/\/pue.edu.pl\/wp-content\/uploads\/2024\/07\/LOGO-NEW-kopia.jpg\" alt=\"LOGO NEW kopia\" class=\"brands-list__item-img\" loading=\"lazy\"><\/div><\/a><\/div>\n<\/div><\/div><\/div>\t\t\t\t<\/div>\n\t\t\t\t<\/div>\n\t\t\t\t\t<\/div>\n\t\t\t\t<\/div>\n\t\t<div class=\"elementor-element elementor-element-db4fbf2 e-flex e-con-boxed e-con e-parent\" data-id=\"db4fbf2\" data-element_type=\"container\" data-e-type=\"container\" data-settings=\"{&quot;jet_parallax_layout_list&quot;:[]}\">\n\t\t\t\t\t<div class=\"e-con-inner\">\n\t\t\t\t<div class=\"elementor-element elementor-element-18c4344 elementor-widget elementor-widget-jet-brands\" data-id=\"18c4344\" data-element_type=\"widget\" data-e-type=\"widget\" data-widget_type=\"jet-brands.default\">\n\t\t\t\t<div class=\"elementor-widget-container\">\n\t\t\t\t\t<div class=\"elementor-jet-brands jet-elements\"><div class=\"brands-wrap\">\n\t<div class=\"brands-list col-row\"><div class=\"brands-list__item\"><a class=\"brands-list__item-link\" href=\"https:\/\/pue.edu.pl\/en\/czlonkowie\/powislanska-akademia-nauk-stosowanych\/\"><div class=\"brands-list__item-img-wrap\"><img decoding=\"async\" src=\"https:\/\/pue.edu.pl\/wp-content\/uploads\/2026\/03\/Logo-PANS.jpg\" alt=\"Logo-PANS\" class=\"brands-list__item-img\" loading=\"lazy\"><\/div><\/a><\/div>\n<\/div><\/div><\/div>\t\t\t\t<\/div>\n\t\t\t\t<\/div>\n\t\t\t\t\t<\/div>\n\t\t\t\t<\/div>\n\t\t<div class=\"elementor-element elementor-element-b01ae8c e-flex e-con-boxed e-con e-parent\" data-id=\"b01ae8c\" data-element_type=\"container\" data-e-type=\"container\" data-settings=\"{&quot;jet_parallax_layout_list&quot;:[]}\">\n\t\t\t\t\t<div class=\"e-con-inner\">\n\t\t\t\t<div class=\"elementor-element elementor-element-c21a5c9 elementor-widget elementor-widget-spacer\" data-id=\"c21a5c9\" data-element_type=\"widget\" data-e-type=\"widget\" data-widget_type=\"spacer.default\">\n\t\t\t\t<div class=\"elementor-widget-container\">\n\t\t\t\t\t\t\t<div class=\"elementor-spacer\">\n\t\t\t<div class=\"elementor-spacer-inner\"><\/div>\n\t\t<\/div>\n\t\t\t\t\t\t<\/div>\n\t\t\t\t<\/div>\n\t\t\t\t\t<\/div>\n\t\t\t\t<\/div>\n\t\t\t\t<\/div>","protected":false},"excerpt":{"rendered":"<p>Cz\u0142onkowie Cz\u0142onkami instytucjonalnymi Unii mog\u0105 by\u0107 pracodawcy dzia\u0142aj\u0105cy na obszarze Rzeczypospolitej Polskiej, w szczeg\u00f3lno\u015bci uczelnie, szko\u0142y oraz inne podmioty dzia\u0142aj\u0105ce w obszarze edukacji i nauki, a cz\u0142onkami indywidualnymi osoby fizyczne, zaanga\u017cowane na rzecz szeroko rozumianego \u015brodowiska edukacji i nauki.<\/p>","protected":false},"author":1,"featured_media":0,"parent":0,"menu_order":0,"comment_status":"closed","ping_status":"closed","template":"page-templates\/fullwidth-content.php","meta":{"footnotes":""},"class_list":["post-17","page","type-page","status-publish","hentry"],"_links":{"self":[{"href":"https:\/\/pue.edu.pl\/en\/wp-json\/wp\/v2\/pages\/17","targetHints":{"allow":["GET"]}}],"collection":[{"href":"https:\/\/pue.edu.pl\/en\/wp-json\/wp\/v2\/pages"}],"about":[{"href":"https:\/\/pue.edu.pl\/en\/wp-json\/wp\/v2\/types\/page"}],"author":[{"embeddable":true,"href":"https:\/\/pue.edu.pl\/en\/wp-json\/wp\/v2\/users\/1"}],"replies":[{"embeddable":true,"href":"https:\/\/pue.edu.pl\/en\/wp-json\/wp\/v2\/comments?post=17"}],"version-history":[{"count":275,"href":"https:\/\/pue.edu.pl\/en\/wp-json\/wp\/v2\/pages\/17\/revisions"}],"predecessor-version":[{"id":7752,"href":"https:\/\/pue.edu.pl\/en\/wp-json\/wp\/v2\/pages\/17\/revisions\/7752"}],"wp:attachment":[{"href":"https:\/\/pue.edu.pl\/en\/wp-json\/wp\/v2\/media?parent=17"}],"curies":[{"name":"wp","href":"https:\/\/api.w.org\/{rel}","templated":true}]}}