{"id":5478,"date":"2024-02-28T18:51:56","date_gmt":"2024-02-28T18:51:56","guid":{"rendered":"https:\/\/pue.edu.pl\/?page_id=5478"},"modified":"2024-03-12T21:49:23","modified_gmt":"2024-03-12T21:49:23","slug":"akademia-wsb","status":"publish","type":"page","link":"https:\/\/pue.edu.pl\/en\/czlonkowie\/akademia-wsb\/","title":{"rendered":"WSB Academy"},"content":{"rendered":"\t\t<div data-elementor-type=\"wp-page\" data-elementor-id=\"5478\" class=\"elementor elementor-5478\" data-elementor-post-type=\"page\">\n\t\t\t\t<div class=\"elementor-element elementor-element-6310438d e-flex e-con-boxed e-con e-parent\" data-id=\"6310438d\" data-element_type=\"container\" data-e-type=\"container\" data-settings=\"{&quot;jet_parallax_layout_list&quot;:[{&quot;jet_parallax_layout_image&quot;:{&quot;url&quot;:&quot;&quot;,&quot;id&quot;:&quot;&quot;,&quot;size&quot;:&quot;&quot;},&quot;_id&quot;:&quot;b0efd22&quot;,&quot;jet_parallax_layout_image_tablet&quot;:{&quot;url&quot;:&quot;&quot;,&quot;id&quot;:&quot;&quot;,&quot;size&quot;:&quot;&quot;},&quot;jet_parallax_layout_image_mobile&quot;:{&quot;url&quot;:&quot;&quot;,&quot;id&quot;:&quot;&quot;,&quot;size&quot;:&quot;&quot;},&quot;jet_parallax_layout_speed&quot;:{&quot;unit&quot;:&quot;%&quot;,&quot;size&quot;:50,&quot;sizes&quot;:[]},&quot;jet_parallax_layout_type&quot;:&quot;scroll&quot;,&quot;jet_parallax_layout_direction&quot;:&quot;1&quot;,&quot;jet_parallax_layout_fx_direction&quot;:null,&quot;jet_parallax_layout_z_index&quot;:&quot;&quot;,&quot;jet_parallax_layout_bg_x&quot;:50,&quot;jet_parallax_layout_bg_x_tablet&quot;:&quot;&quot;,&quot;jet_parallax_layout_bg_x_mobile&quot;:&quot;&quot;,&quot;jet_parallax_layout_bg_y&quot;:50,&quot;jet_parallax_layout_bg_y_tablet&quot;:&quot;&quot;,&quot;jet_parallax_layout_bg_y_mobile&quot;:&quot;&quot;,&quot;jet_parallax_layout_bg_size&quot;:&quot;auto&quot;,&quot;jet_parallax_layout_bg_size_tablet&quot;:&quot;&quot;,&quot;jet_parallax_layout_bg_size_mobile&quot;:&quot;&quot;,&quot;jet_parallax_layout_animation_prop&quot;:&quot;transform&quot;,&quot;jet_parallax_layout_on&quot;:[&quot;desktop&quot;,&quot;tablet&quot;]}]}\">\n\t\t\t\t\t<div class=\"e-con-inner\">\n\t\t<div class=\"elementor-element elementor-element-ce13827 e-con-full e-flex e-con e-child\" data-id=\"ce13827\" data-element_type=\"container\" data-e-type=\"container\" data-settings=\"{&quot;jet_parallax_layout_list&quot;:[]}\">\n\t\t\t\t<div class=\"elementor-element elementor-element-1b360cc2 elementor-widget elementor-widget-jet-team-member\" data-id=\"1b360cc2\" data-element_type=\"widget\" data-e-type=\"widget\" data-widget_type=\"jet-team-member.default\">\n\t\t\t\t<div class=\"elementor-widget-container\">\n\t\t\t\t\t<div class=\"elementor-jet-team-member jet-elements\"><div class=\"jet-team-member\">\n\t<div class=\"jet-team-member__inner\">\n\t\t\t<div class=\"jet-team-member__image\">\n\t\t\t<div class=\"jet-team-member__cover\"><\/div>\n\t\t\t<figure class=\"jet-team-member__figure\"><img fetchpriority=\"high\" decoding=\"async\" width=\"350\" height=\"263\" src=\"https:\/\/pue.edu.pl\/wp-content\/uploads\/2024\/01\/akademia_wsb.jpg\" class=\"jet-team-member__img-tag\" alt=\"akademia_wsb\" srcset=\"https:\/\/pue.edu.pl\/wp-content\/uploads\/2024\/01\/akademia_wsb.jpg 350w, https:\/\/pue.edu.pl\/wp-content\/uploads\/2024\/01\/akademia_wsb-300x225.jpg 300w\" sizes=\"(max-width: 350px) 100vw, 350px\" \/><\/figure>\t\t<\/div>\n\t\t<div class=\"jet-team-member__content\"><div class=\"jet-team-member__socials\"><\/div><div class=\"jet-team-member__button-container\"><a class=\"elementor-button elementor-size-md jet-team-member__button\" href=\"https:\/\/www.2slo.pl\/\">wsb.edu.pl<\/a><\/div><\/div>\n\t<\/div>\n\t<\/div>\n<\/div>\t\t\t\t<\/div>\n\t\t\t\t<\/div>\n\t\t\t\t<div class=\"elementor-element elementor-element-7e11a85c elementor-widget-divider--view-line elementor-widget elementor-widget-divider\" data-id=\"7e11a85c\" data-element_type=\"widget\" data-e-type=\"widget\" data-widget_type=\"divider.default\">\n\t\t\t\t<div class=\"elementor-widget-container\">\n\t\t\t\t\t\t\t<div class=\"elementor-divider\">\n\t\t\t<span class=\"elementor-divider-separator\">\n\t\t\t\t\t\t<\/span>\n\t\t<\/div>\n\t\t\t\t\t\t<\/div>\n\t\t\t\t<\/div>\n\t\t\t\t<div class=\"elementor-element elementor-element-7842779a elementor-position-inline-start elementor-mobile-position-inline-start elementor-view-default elementor-widget elementor-widget-icon-box\" data-id=\"7842779a\" data-element_type=\"widget\" data-e-type=\"widget\" data-widget_type=\"icon-box.default\">\n\t\t\t\t<div class=\"elementor-widget-container\">\n\t\t\t\t\t\t\t<div class=\"elementor-icon-box-wrapper\">\n\n\t\t\t\t\t\t<div class=\"elementor-icon-box-icon\">\n\t\t\t\t<span  class=\"elementor-icon\">\n\t\t\t\t<svg aria-hidden=\"true\" class=\"e-font-icon-svg e-fas-phone-alt\" viewBox=\"0 0 512 512\" xmlns=\"http:\/\/www.w3.org\/2000\/svg\"><path d=\"M497.39 361.8l-112-48a24 24 0 0 0-28 6.9l-49.6 60.6A370.66 370.66 0 0 1 130.6 204.11l60.6-49.6a23.94 23.94 0 0 0 6.9-28l-48-112A24.16 24.16 0 0 0 122.6.61l-104 24A24 24 0 0 0 0 48c0 256.5 207.9 464 464 464a24 24 0 0 0 23.4-18.6l24-104a24.29 24.29 0 0 0-14.01-27.6z\"><\/path><\/svg>\t\t\t\t<\/span>\n\t\t\t<\/div>\n\t\t\t\n\t\t\t\t\t\t<div class=\"elementor-icon-box-content\">\n\n\t\t\t\t\n\t\t\t\t\t\t\t\t\t<p class=\"elementor-icon-box-description\">\n\t\t\t\t\t\t+48 32 295 93 40\t\t\t\t\t<\/p>\n\t\t\t\t\n\t\t\t<\/div>\n\t\t\t\n\t\t<\/div>\n\t\t\t\t\t\t<\/div>\n\t\t\t\t<\/div>\n\t\t\t\t<div class=\"elementor-element elementor-element-25d312fc elementor-position-inline-start elementor-mobile-position-inline-start elementor-view-default elementor-widget elementor-widget-icon-box\" data-id=\"25d312fc\" data-element_type=\"widget\" data-e-type=\"widget\" data-widget_type=\"icon-box.default\">\n\t\t\t\t<div class=\"elementor-widget-container\">\n\t\t\t\t\t\t\t<div class=\"elementor-icon-box-wrapper\">\n\n\t\t\t\t\t\t<div class=\"elementor-icon-box-icon\">\n\t\t\t\t<span  class=\"elementor-icon\">\n\t\t\t\t<i aria-hidden=\"true\" class=\"nc-icon-outline ui-1_email-83\"><\/i>\t\t\t\t<\/span>\n\t\t\t<\/div>\n\t\t\t\n\t\t\t\t\t\t<div class=\"elementor-icon-box-content\">\n\n\t\t\t\t\n\t\t\t\t\t\t\t\t\t<p class=\"elementor-icon-box-description\">\n\t\t\t\t\t\t rektorat@wsb.edu.pl\t\t\t\t\t<\/p>\n\t\t\t\t\n\t\t\t<\/div>\n\t\t\t\n\t\t<\/div>\n\t\t\t\t\t\t<\/div>\n\t\t\t\t<\/div>\n\t\t\t\t<div class=\"elementor-element elementor-element-6e8b77b8 elementor-position-inline-start elementor-mobile-position-inline-start elementor-view-default elementor-widget elementor-widget-icon-box\" data-id=\"6e8b77b8\" data-element_type=\"widget\" data-e-type=\"widget\" data-widget_type=\"icon-box.default\">\n\t\t\t\t<div class=\"elementor-widget-container\">\n\t\t\t\t\t\t\t<div class=\"elementor-icon-box-wrapper\">\n\n\t\t\t\t\t\t<div class=\"elementor-icon-box-icon\">\n\t\t\t\t<span  class=\"elementor-icon\">\n\t\t\t\t<i aria-hidden=\"true\" class=\"nc-icon-outline location_position-pin\"><\/i>\t\t\t\t<\/span>\n\t\t\t<\/div>\n\t\t\t\n\t\t\t\t\t\t<div class=\"elementor-icon-box-content\">\n\n\t\t\t\t\n\t\t\t\t\t\t\t\t\t<p class=\"elementor-icon-box-description\">\n\t\t\t\t\t\tUl. Cieplaka 1 c, 41-300 D\u0105browa G\u00f3rnicza\t\t\t\t\t<\/p>\n\t\t\t\t\n\t\t\t<\/div>\n\t\t\t\n\t\t<\/div>\n\t\t\t\t\t\t<\/div>\n\t\t\t\t<\/div>\n\t\t\t\t<\/div>\n\t\t<div class=\"elementor-element elementor-element-2b19594f e-con-full e-flex e-con e-child\" data-id=\"2b19594f\" data-element_type=\"container\" data-e-type=\"container\" data-settings=\"{&quot;jet_parallax_layout_list&quot;:[]}\">\n\t\t\t\t<div class=\"elementor-element elementor-element-67597f90 elementor-widget elementor-widget-heading\" data-id=\"67597f90\" data-element_type=\"widget\" data-e-type=\"widget\" data-widget_type=\"heading.default\">\n\t\t\t\t<div class=\"elementor-widget-container\">\n\t\t\t\t\t<h2 class=\"elementor-heading-title elementor-size-small\">Akademia WSB<\/h2>\t\t\t\t<\/div>\n\t\t\t\t<\/div>\n\t\t\t\t<div class=\"elementor-element elementor-element-32e747eb elementor-widget elementor-widget-text-editor\" data-id=\"32e747eb\" data-element_type=\"widget\" data-e-type=\"widget\" data-widget_type=\"text-editor.default\">\n\t\t\t\t<div class=\"elementor-widget-container\">\n\t\t\t\t\t\t\t\t\t<p>Nadawanie tytu\u0142u profesora nauk ekonomicznych, stopnia doktora habilitowanego nauk ekonomicznych oraz doktora nauk ekonomicznych i nauk spo\u0142ecznych. Kszta\u0142cenie na poziomie wy\u017cszym \u2013 I, II i III stopnia.<\/p><p>Opis dzia\u0142alno\u015bci<\/p><p>Akademia WSB jest akademick\u0105 uczelni\u0105 niepubliczn\u0105, kt\u00f3ra posiada uprawnienia do przeprowadzania post\u0119powa\u0144 o nadanie tytu\u0142u profesora nauk ekonomicznych, posiada uprawnienia do nadawania stopnia doktora habilitowanego oraz 3 uprawnienia do nadawania stopnia doktora w dyscyplinie nauki o zarz\u0105dzaniu, pedagogika oraz nauki o bezpiecze\u0144stwie. Kszta\u0142ci w 5 lokalizacjach (w siedzibie w D\u0105browie G\u00f3rniczej oraz w Wydzia\u0142ach Zamiejscowych w Cieszynie, \u017bywcu, Olkuszu i Krakowie) na 18 kierunkach studi\u00f3w I-go i II-go stopnia, jednolitych studiach magisterskich, prowadzi studia dualne, realizuje studia Executive MBA oraz Master of Business Administration (partner kierunku: EY Academy of Business), jest liderem w kszta\u0142ceniu podyplomowym (oferta ponad 100 kierunk\u00f3w studi\u00f3w podyplomowych), prowadzi studia doktoranckie oraz seminaria doktorskie. Akademia WSB to nie tylko silne centrum naukowo-badawcze, to tak\u017ce pr\u0119\u017cny o\u015brodek kszta\u0142cenia ustawicznego. Realizuj\u0105c ide\u0119 kszta\u0142cenia przez ca\u0142e \u017cycie Uczelnia prowadzi Uniwersytety Dzieci\u0119ce i Uniwersytety Trzeciego Wieku. Kszta\u0142ci m\u0142odzie\u017c w ramach oferty \u201eOtwartej Akademii Nauki\u201d w szko\u0142ach \u015brednich oraz prowadzi przy Uczelni \u017c\u0142obek &#8211; \u201eAkademi\u0119 Maluszka\u201d.<\/p><p>Jest pierwsz\u0105 uczelni\u0105 niepubliczn\u0105 w Polsce, kt\u00f3rej wydzia\u0142 otrzyma\u0142 wyr\u00f3\u017cniaj\u0105c\u0105 ocen\u0119 instytucjonaln\u0105 PKA. Ponadto AWSB posiada wyr\u00f3\u017cniaj\u0105c\u0105 akredytacj\u0119 Fundacji Promocji i Akredytacji Kierunk\u00f3w Ekonomicznych na kierunku zarz\u0105dzanie. Wed\u0142ug Rankingu Rzeczpospolitej 2018 Wydzia\u0142 Nauk Stosowanych AWSB plasuje si\u0119 na 3 miejscu w Polsce w\u015br\u00f3d wydzia\u0142\u00f3w uczelni publicznych i niepublicznych kszta\u0142c\u0105cych na kierunkach ekonomicznych. Na przestrzeni prawie 25 lat uczelnia wypromowa\u0142a \u0142\u0105cznie ponad 35 000 absolwent\u00f3w. Aktualnie w Akademii WSB kszta\u0142ci si\u0119 ponad 11 ty\u015b. student\u00f3w, doktorant\u00f3w, s\u0142uchaczy studi\u00f3w podyplomowych i seminarium doktorskiego.<\/p>\t\t\t\t\t\t\t\t<\/div>\n\t\t\t\t<\/div>\n\t\t\t\t<div class=\"elementor-element elementor-element-22664b11 elementor-widget elementor-widget-heading\" data-id=\"22664b11\" data-element_type=\"widget\" data-e-type=\"widget\" data-widget_type=\"heading.default\">\n\t\t\t\t<div class=\"elementor-widget-container\">\n\t\t\t\t\t<h2 class=\"elementor-heading-title elementor-size-small\">Osoba reprezentuj\u0105ca w PUE:\n\nRektor \u2013 dr Zdzis\u0142awa Dacko-Pikiewicz, prof. nadzw.<\/h2>\t\t\t\t<\/div>\n\t\t\t\t<\/div>\n\t\t\t\t<div class=\"elementor-element elementor-element-436eb85c elementor-widget elementor-widget-heading\" data-id=\"436eb85c\" data-element_type=\"widget\" data-e-type=\"widget\" data-widget_type=\"heading.default\">\n\t\t\t\t<div class=\"elementor-widget-container\">\n\t\t\t\t\t<h2 class=\"elementor-heading-title elementor-size-small\">Dzia\u0142alno\u015b\u0107:  \tKszta\u0142cenie m\u0142odzie\u017cy.<\/h2>\t\t\t\t<\/div>\n\t\t\t\t<\/div>\n\t\t\t\t<div class=\"elementor-element elementor-element-2b33bc79 elementor-widget elementor-widget-heading\" data-id=\"2b33bc79\" data-element_type=\"widget\" data-e-type=\"widget\" data-widget_type=\"heading.default\">\n\t\t\t\t<div class=\"elementor-widget-container\">\n\t\t\t\t\t<h2 class=\"elementor-heading-title elementor-size-small\">Rok za\u0142o\u017cenia: 1995<\/h2>\t\t\t\t<\/div>\n\t\t\t\t<\/div>\n\t\t\t\t<\/div>\n\t\t\t\t\t<\/div>\n\t\t\t\t<\/div>\n\t\t\t\t<\/div>\n\t\t","protected":false},"excerpt":{"rendered":"<p>wsb.edu.pl +48 32 295 93 40 rektorat@wsb.edu.pl Ul. Cieplaka 1 c, 41-300 D\u0105browa G\u00f3rnicza Akademia WSB Nadawanie tytu\u0142u profesora nauk ekonomicznych, stopnia doktora habilitowanego nauk ekonomicznych oraz doktora nauk ekonomicznych i nauk spo\u0142ecznych. Kszta\u0142cenie na poziomie wy\u017cszym \u2013 I, II i III stopnia. Opis dzia\u0142alno\u015bci Akademia WSB jest akademick\u0105 uczelni\u0105 niepubliczn\u0105, kt\u00f3ra posiada uprawnienia do [&hellip;]<\/p>\n","protected":false},"author":1,"featured_media":0,"parent":17,"menu_order":0,"comment_status":"closed","ping_status":"closed","template":"page-templates\/fullwidth-content.php","meta":{"footnotes":""},"class_list":["post-5478","page","type-page","status-publish","hentry"],"_links":{"self":[{"href":"https:\/\/pue.edu.pl\/en\/wp-json\/wp\/v2\/pages\/5478","targetHints":{"allow":["GET"]}}],"collection":[{"href":"https:\/\/pue.edu.pl\/en\/wp-json\/wp\/v2\/pages"}],"about":[{"href":"https:\/\/pue.edu.pl\/en\/wp-json\/wp\/v2\/types\/page"}],"author":[{"embeddable":true,"href":"https:\/\/pue.edu.pl\/en\/wp-json\/wp\/v2\/users\/1"}],"replies":[{"embeddable":true,"href":"https:\/\/pue.edu.pl\/en\/wp-json\/wp\/v2\/comments?post=5478"}],"version-history":[{"count":8,"href":"https:\/\/pue.edu.pl\/en\/wp-json\/wp\/v2\/pages\/5478\/revisions"}],"predecessor-version":[{"id":6680,"href":"https:\/\/pue.edu.pl\/en\/wp-json\/wp\/v2\/pages\/5478\/revisions\/6680"}],"up":[{"embeddable":true,"href":"https:\/\/pue.edu.pl\/en\/wp-json\/wp\/v2\/pages\/17"}],"wp:attachment":[{"href":"https:\/\/pue.edu.pl\/en\/wp-json\/wp\/v2\/media?parent=5478"}],"curies":[{"name":"wp","href":"https:\/\/api.w.org\/{rel}","templated":true}]}}