{"id":5593,"date":"2024-02-29T08:09:04","date_gmt":"2024-02-29T08:09:04","guid":{"rendered":"https:\/\/pue.edu.pl\/?page_id=5593"},"modified":"2024-04-17T08:44:55","modified_gmt":"2024-04-17T08:44:55","slug":"uniwersytet-wsb-merito-wroclaw","status":"publish","type":"page","link":"https:\/\/pue.edu.pl\/en\/czlonkowie\/uniwersytet-wsb-merito-wroclaw\/","title":{"rendered":"Uniwersytet WSB Merito Wroc\u0142aw"},"content":{"rendered":"\t\t<div data-elementor-type=\"wp-page\" data-elementor-id=\"5593\" class=\"elementor elementor-5593\" data-elementor-post-type=\"page\">\n\t\t\t\t<div class=\"elementor-element elementor-element-2600b57 e-flex e-con-boxed e-con e-parent\" data-id=\"2600b57\" data-element_type=\"container\" data-e-type=\"container\" data-settings=\"{&quot;jet_parallax_layout_list&quot;:[{&quot;jet_parallax_layout_image&quot;:{&quot;url&quot;:&quot;&quot;,&quot;id&quot;:&quot;&quot;,&quot;size&quot;:&quot;&quot;},&quot;_id&quot;:&quot;b0efd22&quot;,&quot;jet_parallax_layout_image_tablet&quot;:{&quot;url&quot;:&quot;&quot;,&quot;id&quot;:&quot;&quot;,&quot;size&quot;:&quot;&quot;},&quot;jet_parallax_layout_image_mobile&quot;:{&quot;url&quot;:&quot;&quot;,&quot;id&quot;:&quot;&quot;,&quot;size&quot;:&quot;&quot;},&quot;jet_parallax_layout_speed&quot;:{&quot;unit&quot;:&quot;%&quot;,&quot;size&quot;:50,&quot;sizes&quot;:[]},&quot;jet_parallax_layout_type&quot;:&quot;scroll&quot;,&quot;jet_parallax_layout_direction&quot;:&quot;1&quot;,&quot;jet_parallax_layout_fx_direction&quot;:null,&quot;jet_parallax_layout_z_index&quot;:&quot;&quot;,&quot;jet_parallax_layout_bg_x&quot;:50,&quot;jet_parallax_layout_bg_x_tablet&quot;:&quot;&quot;,&quot;jet_parallax_layout_bg_x_mobile&quot;:&quot;&quot;,&quot;jet_parallax_layout_bg_y&quot;:50,&quot;jet_parallax_layout_bg_y_tablet&quot;:&quot;&quot;,&quot;jet_parallax_layout_bg_y_mobile&quot;:&quot;&quot;,&quot;jet_parallax_layout_bg_size&quot;:&quot;auto&quot;,&quot;jet_parallax_layout_bg_size_tablet&quot;:&quot;&quot;,&quot;jet_parallax_layout_bg_size_mobile&quot;:&quot;&quot;,&quot;jet_parallax_layout_animation_prop&quot;:&quot;transform&quot;,&quot;jet_parallax_layout_on&quot;:[&quot;desktop&quot;,&quot;tablet&quot;]}]}\">\n\t\t\t\t\t<div class=\"e-con-inner\">\n\t\t<div class=\"elementor-element elementor-element-228b57d7 e-con-full e-flex e-con e-child\" data-id=\"228b57d7\" data-element_type=\"container\" data-e-type=\"container\" data-settings=\"{&quot;jet_parallax_layout_list&quot;:[]}\">\n\t\t\t\t<div class=\"elementor-element elementor-element-3f5e9135 elementor-widget elementor-widget-jet-team-member\" data-id=\"3f5e9135\" data-element_type=\"widget\" data-e-type=\"widget\" data-widget_type=\"jet-team-member.default\">\n\t\t\t\t<div class=\"elementor-widget-container\">\n\t\t\t\t\t<div class=\"elementor-jet-team-member jet-elements\"><div class=\"jet-team-member\">\n\t<div class=\"jet-team-member__inner\">\n\t\t\t<div class=\"jet-team-member__image\">\n\t\t\t<div class=\"jet-team-member__cover\"><\/div>\n\t\t\t<figure class=\"jet-team-member__figure\"><img fetchpriority=\"high\" decoding=\"async\" width=\"350\" height=\"263\" src=\"https:\/\/pue.edu.pl\/wp-content\/uploads\/2024\/01\/merito-wroclaw.jpg\" class=\"jet-team-member__img-tag\" alt=\"merito-wroclaw\" srcset=\"https:\/\/pue.edu.pl\/wp-content\/uploads\/2024\/01\/merito-wroclaw.jpg 350w, https:\/\/pue.edu.pl\/wp-content\/uploads\/2024\/01\/merito-wroclaw-300x225.jpg 300w\" sizes=\"(max-width: 350px) 100vw, 350px\" \/><\/figure>\t\t<\/div>\n\t\t<div class=\"jet-team-member__content\"><div class=\"jet-team-member__socials\"><\/div><div class=\"jet-team-member__button-container\"><a class=\"elementor-button elementor-size-md jet-team-member__button\" href=\"https:\/\/www.merito.pl\/wroclaw\">www.merito.pl\/wroclaw<\/a><\/div><\/div>\n\t<\/div>\n\t<\/div>\n<\/div>\t\t\t\t<\/div>\n\t\t\t\t<\/div>\n\t\t\t\t<div class=\"elementor-element elementor-element-70ad7f7a elementor-widget-divider--view-line elementor-widget elementor-widget-divider\" data-id=\"70ad7f7a\" data-element_type=\"widget\" data-e-type=\"widget\" data-widget_type=\"divider.default\">\n\t\t\t\t<div class=\"elementor-widget-container\">\n\t\t\t\t\t\t\t<div class=\"elementor-divider\">\n\t\t\t<span class=\"elementor-divider-separator\">\n\t\t\t\t\t\t<\/span>\n\t\t<\/div>\n\t\t\t\t\t\t<\/div>\n\t\t\t\t<\/div>\n\t\t\t\t<div class=\"elementor-element elementor-element-610d47ac elementor-position-inline-start elementor-mobile-position-inline-start elementor-view-default elementor-widget elementor-widget-icon-box\" data-id=\"610d47ac\" data-element_type=\"widget\" data-e-type=\"widget\" data-widget_type=\"icon-box.default\">\n\t\t\t\t<div class=\"elementor-widget-container\">\n\t\t\t\t\t\t\t<div class=\"elementor-icon-box-wrapper\">\n\n\t\t\t\t\t\t<div class=\"elementor-icon-box-icon\">\n\t\t\t\t<span  class=\"elementor-icon\">\n\t\t\t\t<svg aria-hidden=\"true\" class=\"e-font-icon-svg e-fas-phone-alt\" viewBox=\"0 0 512 512\" xmlns=\"http:\/\/www.w3.org\/2000\/svg\"><path d=\"M497.39 361.8l-112-48a24 24 0 0 0-28 6.9l-49.6 60.6A370.66 370.66 0 0 1 130.6 204.11l60.6-49.6a23.94 23.94 0 0 0 6.9-28l-48-112A24.16 24.16 0 0 0 122.6.61l-104 24A24 24 0 0 0 0 48c0 256.5 207.9 464 464 464a24 24 0 0 0 23.4-18.6l24-104a24.29 24.29 0 0 0-14.01-27.6z\"><\/path><\/svg>\t\t\t\t<\/span>\n\t\t\t<\/div>\n\t\t\t\n\t\t\t\t\t\t<div class=\"elementor-icon-box-content\">\n\n\t\t\t\t\n\t\t\t\t\t\t\t\t\t<p class=\"elementor-icon-box-description\">\n\t\t\t\t\t\t+48 71 376 23 30\t\t\t\t\t<\/p>\n\t\t\t\t\n\t\t\t<\/div>\n\t\t\t\n\t\t<\/div>\n\t\t\t\t\t\t<\/div>\n\t\t\t\t<\/div>\n\t\t\t\t<div class=\"elementor-element elementor-element-14fea7be elementor-position-inline-start elementor-mobile-position-inline-start elementor-view-default elementor-widget elementor-widget-icon-box\" data-id=\"14fea7be\" data-element_type=\"widget\" data-e-type=\"widget\" data-widget_type=\"icon-box.default\">\n\t\t\t\t<div class=\"elementor-widget-container\">\n\t\t\t\t\t\t\t<div class=\"elementor-icon-box-wrapper\">\n\n\t\t\t\t\t\t<div class=\"elementor-icon-box-icon\">\n\t\t\t\t<span  class=\"elementor-icon\">\n\t\t\t\t<i aria-hidden=\"true\" class=\"nc-icon-outline ui-1_email-83\"><\/i>\t\t\t\t<\/span>\n\t\t\t<\/div>\n\t\t\t\n\t\t\t\t\t\t<div class=\"elementor-icon-box-content\">\n\n\t\t\t\t\n\t\t\t\t\t\t\t\t\t<p class=\"elementor-icon-box-description\">\n\t\t\t\t\t\tkancelaria@wroclaw.merito.pl\t\t\t\t\t<\/p>\n\t\t\t\t\n\t\t\t<\/div>\n\t\t\t\n\t\t<\/div>\n\t\t\t\t\t\t<\/div>\n\t\t\t\t<\/div>\n\t\t\t\t<div class=\"elementor-element elementor-element-87661fe elementor-position-inline-start elementor-mobile-position-inline-start elementor-view-default elementor-widget elementor-widget-icon-box\" data-id=\"87661fe\" data-element_type=\"widget\" data-e-type=\"widget\" data-widget_type=\"icon-box.default\">\n\t\t\t\t<div class=\"elementor-widget-container\">\n\t\t\t\t\t\t\t<div class=\"elementor-icon-box-wrapper\">\n\n\t\t\t\t\t\t<div class=\"elementor-icon-box-icon\">\n\t\t\t\t<span  class=\"elementor-icon\">\n\t\t\t\t<i aria-hidden=\"true\" class=\"nc-icon-outline location_position-pin\"><\/i>\t\t\t\t<\/span>\n\t\t\t<\/div>\n\t\t\t\n\t\t\t\t\t\t<div class=\"elementor-icon-box-content\">\n\n\t\t\t\t\n\t\t\t\t\t\t\t\t\t<p class=\"elementor-icon-box-description\">\n\t\t\t\t\t\tul. Fabryczna 29-31, 53-609 Wroc\u0142aw\t\t\t\t\t<\/p>\n\t\t\t\t\n\t\t\t<\/div>\n\t\t\t\n\t\t<\/div>\n\t\t\t\t\t\t<\/div>\n\t\t\t\t<\/div>\n\t\t\t\t<\/div>\n\t\t<div class=\"elementor-element elementor-element-7e8f1523 e-con-full e-flex e-con e-child\" data-id=\"7e8f1523\" data-element_type=\"container\" data-e-type=\"container\" data-settings=\"{&quot;jet_parallax_layout_list&quot;:[]}\">\n\t\t\t\t<div class=\"elementor-element elementor-element-4a47d18d elementor-widget elementor-widget-heading\" data-id=\"4a47d18d\" data-element_type=\"widget\" data-e-type=\"widget\" data-widget_type=\"heading.default\">\n\t\t\t\t<div class=\"elementor-widget-container\">\n\t\t\t\t\t<h2 class=\"elementor-heading-title elementor-size-small\">UNIWERSYTET WSB MERITO WROC\u0141AW<\/h2>\t\t\t\t<\/div>\n\t\t\t\t<\/div>\n\t\t\t\t<div class=\"elementor-element elementor-element-6d77fca0 elementor-widget elementor-widget-text-editor\" data-id=\"6d77fca0\" data-element_type=\"widget\" data-e-type=\"widget\" data-widget_type=\"text-editor.default\">\n\t\t\t\t<div class=\"elementor-widget-container\">\n\t\t\t\t\t\t\t\t\t<p>Uniwersytet WSB Merito we Wroc\u0142awiu od ponad 20 lat z powodzeniem kszta\u0142ci wysokiej klasy specjalist\u00f3w i mened\u017cer\u00f3w. Uczelni\u0119 tworz\u0105 dwa wydzia\u0142y: Wydzia\u0142 Finans\u00f3w i Zarz\u0105dzania we Wroc\u0142awiu oraz Wydzia\u0142 Ekonomiczny w Opolu. Uniwersytet WSB Merito we Wroc\u0142awiu jest uczelni\u0105 akademick\u0105, najwi\u0119ksz\u0105 niepubliczn\u0105 uczelni\u0105 na Dolnym \u015al\u0105sku. W ofercie znajduj\u0105 si\u0119 studia I i II stopnia, jednolite studia magisterskie, studia podyplomowe oraz studia MBA. Uczelnia posiada uprawnienia do nadawania stopnia doktora nauk ekonomicznych w dyscyplinie ekonomia. Dzi\u0119ki aktywnej wsp\u00f3\u0142pracy ze \u015brodowiskiem biznesowym jest wa\u017cnym uczestnikiem \u017cycia gospodarczego Wroc\u0142awia i regionu. Jej strategicznym partnerem mi\u0119dzynarodowym jest Franklin University z USA.<br \/>Uniwersytet wchodzi w sk\u0142ad Federacji Naukowej WSB-DSW Merito. Federacja Naukowa WSB-DSW Merito to pierwsza w Polsce federacja naukowa powo\u0142ana na mocy Prawa o szkolnictwie wy\u017cszym i nauce z dnia 20 lipca 2018 roku. Jest to jednostka naukowa skupiaj\u0105ca pi\u0119\u0107 niepublicznych uczelni akademickich. Jej celem jest synergia potencja\u0142u naukowego uczelni \u2013 jednostek uczestnicz\u0105cych.<br \/><br \/><\/p>\t\t\t\t\t\t\t\t<\/div>\n\t\t\t\t<\/div>\n\t\t\t\t<div class=\"elementor-element elementor-element-296b28fc elementor-widget elementor-widget-heading\" data-id=\"296b28fc\" data-element_type=\"widget\" data-e-type=\"widget\" data-widget_type=\"heading.default\">\n\t\t\t\t<div class=\"elementor-widget-container\">\n\t\t\t\t\t<h2 class=\"elementor-heading-title elementor-size-small\">Osoba reprezentuj\u0105ca w PUE: Maciej Kolasi\u0144ski, przedstawiciel Za\u0142o\u017cyciela uczelni, Wiceprezes Zarz\u0105du Centrum Rozwoju Szk\u00f3\u0142 Wy\u017cszych Merito<\/h2>\t\t\t\t<\/div>\n\t\t\t\t<\/div>\n\t\t\t\t<div class=\"elementor-element elementor-element-78f7f04 elementor-widget elementor-widget-heading\" data-id=\"78f7f04\" data-element_type=\"widget\" data-e-type=\"widget\" data-widget_type=\"heading.default\">\n\t\t\t\t<div class=\"elementor-widget-container\">\n\t\t\t\t\t<h2 class=\"elementor-heading-title elementor-size-small\">Dzia\u0142alno\u015b\u0107: Kszta\u0142cenie na poziomie wy\u017cszym - licencjackim, magisterskim oraz podyplomowym.\nUprawnienia doktorskie i habilitacyjne w 8 dyscyplinach (za po\u015brednictwem Federacji Naukowej WSB-DSW Merito).\n<\/h2>\t\t\t\t<\/div>\n\t\t\t\t<\/div>\n\t\t\t\t<div class=\"elementor-element elementor-element-f8ccf71 elementor-widget elementor-widget-heading\" data-id=\"f8ccf71\" data-element_type=\"widget\" data-e-type=\"widget\" data-widget_type=\"heading.default\">\n\t\t\t\t<div class=\"elementor-widget-container\">\n\t\t\t\t\t<h2 class=\"elementor-heading-title elementor-size-small\">Rok za\u0142o\u017cenia: 1998<\/h2>\t\t\t\t<\/div>\n\t\t\t\t<\/div>\n\t\t\t\t<\/div>\n\t\t\t\t\t<\/div>\n\t\t\t\t<\/div>\n\t\t\t\t<\/div>\n\t\t","protected":false},"excerpt":{"rendered":"<p>www.merito.pl\/wroclaw +48 71 376 23 30 kancelaria@wroclaw.merito.pl ul. Fabryczna 29-31, 53-609 Wroc\u0142aw UNIWERSYTET WSB MERITO WROC\u0141AW Uniwersytet WSB Merito we Wroc\u0142awiu od ponad 20 lat z powodzeniem kszta\u0142ci wysokiej klasy specjalist\u00f3w i mened\u017cer\u00f3w. Uczelni\u0119 tworz\u0105 dwa wydzia\u0142y: Wydzia\u0142 Finans\u00f3w i Zarz\u0105dzania we Wroc\u0142awiu oraz Wydzia\u0142 Ekonomiczny w Opolu. Uniwersytet WSB Merito we Wroc\u0142awiu jest uczelni\u0105 [&hellip;]<\/p>\n","protected":false},"author":1,"featured_media":0,"parent":17,"menu_order":0,"comment_status":"closed","ping_status":"closed","template":"page-templates\/fullwidth-content.php","meta":{"footnotes":""},"class_list":["post-5593","page","type-page","status-publish","hentry"],"_links":{"self":[{"href":"https:\/\/pue.edu.pl\/en\/wp-json\/wp\/v2\/pages\/5593","targetHints":{"allow":["GET"]}}],"collection":[{"href":"https:\/\/pue.edu.pl\/en\/wp-json\/wp\/v2\/pages"}],"about":[{"href":"https:\/\/pue.edu.pl\/en\/wp-json\/wp\/v2\/types\/page"}],"author":[{"embeddable":true,"href":"https:\/\/pue.edu.pl\/en\/wp-json\/wp\/v2\/users\/1"}],"replies":[{"embeddable":true,"href":"https:\/\/pue.edu.pl\/en\/wp-json\/wp\/v2\/comments?post=5593"}],"version-history":[{"count":10,"href":"https:\/\/pue.edu.pl\/en\/wp-json\/wp\/v2\/pages\/5593\/revisions"}],"predecessor-version":[{"id":6826,"href":"https:\/\/pue.edu.pl\/en\/wp-json\/wp\/v2\/pages\/5593\/revisions\/6826"}],"up":[{"embeddable":true,"href":"https:\/\/pue.edu.pl\/en\/wp-json\/wp\/v2\/pages\/17"}],"wp:attachment":[{"href":"https:\/\/pue.edu.pl\/en\/wp-json\/wp\/v2\/media?parent=5593"}],"curies":[{"name":"wp","href":"https:\/\/api.w.org\/{rel}","templated":true}]}}