{"id":5602,"date":"2024-02-29T08:13:11","date_gmt":"2024-02-29T08:13:11","guid":{"rendered":"https:\/\/pue.edu.pl\/?page_id=5602"},"modified":"2024-04-17T08:49:04","modified_gmt":"2024-04-17T08:49:04","slug":"uniwersytet-wsb-merito-poznan","status":"publish","type":"page","link":"https:\/\/pue.edu.pl\/en\/czlonkowie\/uniwersytet-wsb-merito-poznan\/","title":{"rendered":"Uniwersytet WSB Merito Pozna\u0144"},"content":{"rendered":"\t\t<div data-elementor-type=\"wp-page\" data-elementor-id=\"5602\" class=\"elementor elementor-5602\" data-elementor-post-type=\"page\">\n\t\t\t\t<div class=\"elementor-element elementor-element-59f7da82 e-flex e-con-boxed e-con e-parent\" data-id=\"59f7da82\" data-element_type=\"container\" data-e-type=\"container\" data-settings=\"{&quot;jet_parallax_layout_list&quot;:[{&quot;jet_parallax_layout_image&quot;:{&quot;url&quot;:&quot;&quot;,&quot;id&quot;:&quot;&quot;,&quot;size&quot;:&quot;&quot;},&quot;_id&quot;:&quot;b0efd22&quot;,&quot;jet_parallax_layout_image_tablet&quot;:{&quot;url&quot;:&quot;&quot;,&quot;id&quot;:&quot;&quot;,&quot;size&quot;:&quot;&quot;},&quot;jet_parallax_layout_image_mobile&quot;:{&quot;url&quot;:&quot;&quot;,&quot;id&quot;:&quot;&quot;,&quot;size&quot;:&quot;&quot;},&quot;jet_parallax_layout_speed&quot;:{&quot;unit&quot;:&quot;%&quot;,&quot;size&quot;:50,&quot;sizes&quot;:[]},&quot;jet_parallax_layout_type&quot;:&quot;scroll&quot;,&quot;jet_parallax_layout_direction&quot;:&quot;1&quot;,&quot;jet_parallax_layout_fx_direction&quot;:null,&quot;jet_parallax_layout_z_index&quot;:&quot;&quot;,&quot;jet_parallax_layout_bg_x&quot;:50,&quot;jet_parallax_layout_bg_x_tablet&quot;:&quot;&quot;,&quot;jet_parallax_layout_bg_x_mobile&quot;:&quot;&quot;,&quot;jet_parallax_layout_bg_y&quot;:50,&quot;jet_parallax_layout_bg_y_tablet&quot;:&quot;&quot;,&quot;jet_parallax_layout_bg_y_mobile&quot;:&quot;&quot;,&quot;jet_parallax_layout_bg_size&quot;:&quot;auto&quot;,&quot;jet_parallax_layout_bg_size_tablet&quot;:&quot;&quot;,&quot;jet_parallax_layout_bg_size_mobile&quot;:&quot;&quot;,&quot;jet_parallax_layout_animation_prop&quot;:&quot;transform&quot;,&quot;jet_parallax_layout_on&quot;:[&quot;desktop&quot;,&quot;tablet&quot;]}]}\">\n\t\t\t\t\t<div class=\"e-con-inner\">\n\t\t<div class=\"elementor-element elementor-element-7f469fe7 e-con-full e-flex e-con e-child\" data-id=\"7f469fe7\" data-element_type=\"container\" data-e-type=\"container\" data-settings=\"{&quot;jet_parallax_layout_list&quot;:[]}\">\n\t\t\t\t<div class=\"elementor-element elementor-element-45f9cbc9 elementor-widget elementor-widget-jet-team-member\" data-id=\"45f9cbc9\" data-element_type=\"widget\" data-e-type=\"widget\" data-widget_type=\"jet-team-member.default\">\n\t\t\t\t<div class=\"elementor-widget-container\">\n\t\t\t\t\t<div class=\"elementor-jet-team-member jet-elements\"><div class=\"jet-team-member\">\n\t<div class=\"jet-team-member__inner\">\n\t\t\t<div class=\"jet-team-member__image\">\n\t\t\t<div class=\"jet-team-member__cover\"><\/div>\n\t\t\t<figure class=\"jet-team-member__figure\"><img fetchpriority=\"high\" decoding=\"async\" width=\"350\" height=\"263\" src=\"https:\/\/pue.edu.pl\/wp-content\/uploads\/2024\/01\/merito-poznan.jpg\" class=\"jet-team-member__img-tag\" alt=\"merito-poznan\" srcset=\"https:\/\/pue.edu.pl\/wp-content\/uploads\/2024\/01\/merito-poznan.jpg 350w, https:\/\/pue.edu.pl\/wp-content\/uploads\/2024\/01\/merito-poznan-300x225.jpg 300w\" sizes=\"(max-width: 350px) 100vw, 350px\" \/><\/figure>\t\t<\/div>\n\t\t<div class=\"jet-team-member__content\"><div class=\"jet-team-member__socials\"><\/div><div class=\"jet-team-member__button-container\"><a class=\"elementor-button elementor-size-md jet-team-member__button\" href=\"https:\/\/www.merito.pl\/poznan\">www.merito.pl\/poznan<\/a><\/div><\/div>\n\t<\/div>\n\t<\/div>\n<\/div>\t\t\t\t<\/div>\n\t\t\t\t<\/div>\n\t\t\t\t<div class=\"elementor-element elementor-element-7cf3fa01 elementor-widget-divider--view-line elementor-widget elementor-widget-divider\" data-id=\"7cf3fa01\" data-element_type=\"widget\" data-e-type=\"widget\" data-widget_type=\"divider.default\">\n\t\t\t\t<div class=\"elementor-widget-container\">\n\t\t\t\t\t\t\t<div class=\"elementor-divider\">\n\t\t\t<span class=\"elementor-divider-separator\">\n\t\t\t\t\t\t<\/span>\n\t\t<\/div>\n\t\t\t\t\t\t<\/div>\n\t\t\t\t<\/div>\n\t\t\t\t<div class=\"elementor-element elementor-element-1966c9d2 elementor-position-inline-start elementor-mobile-position-inline-start elementor-view-default elementor-widget elementor-widget-icon-box\" data-id=\"1966c9d2\" data-element_type=\"widget\" data-e-type=\"widget\" data-widget_type=\"icon-box.default\">\n\t\t\t\t<div class=\"elementor-widget-container\">\n\t\t\t\t\t\t\t<div class=\"elementor-icon-box-wrapper\">\n\n\t\t\t\t\t\t<div class=\"elementor-icon-box-icon\">\n\t\t\t\t<span  class=\"elementor-icon\">\n\t\t\t\t<svg aria-hidden=\"true\" class=\"e-font-icon-svg e-fas-phone-alt\" viewBox=\"0 0 512 512\" xmlns=\"http:\/\/www.w3.org\/2000\/svg\"><path d=\"M497.39 361.8l-112-48a24 24 0 0 0-28 6.9l-49.6 60.6A370.66 370.66 0 0 1 130.6 204.11l60.6-49.6a23.94 23.94 0 0 0 6.9-28l-48-112A24.16 24.16 0 0 0 122.6.61l-104 24A24 24 0 0 0 0 48c0 256.5 207.9 464 464 464a24 24 0 0 0 23.4-18.6l24-104a24.29 24.29 0 0 0-14.01-27.6z\"><\/path><\/svg>\t\t\t\t<\/span>\n\t\t\t<\/div>\n\t\t\t\n\t\t\t\t\t\t<div class=\"elementor-icon-box-content\">\n\n\t\t\t\t\n\t\t\t\t\t\t\t\t\t<p class=\"elementor-icon-box-description\">\n\t\t\t\t\t\t+48 61 655 33 72\t\t\t\t\t<\/p>\n\t\t\t\t\n\t\t\t<\/div>\n\t\t\t\n\t\t<\/div>\n\t\t\t\t\t\t<\/div>\n\t\t\t\t<\/div>\n\t\t\t\t<div class=\"elementor-element elementor-element-6cff596d elementor-position-inline-start elementor-mobile-position-inline-start elementor-view-default elementor-widget elementor-widget-icon-box\" data-id=\"6cff596d\" data-element_type=\"widget\" data-e-type=\"widget\" data-widget_type=\"icon-box.default\">\n\t\t\t\t<div class=\"elementor-widget-container\">\n\t\t\t\t\t\t\t<div class=\"elementor-icon-box-wrapper\">\n\n\t\t\t\t\t\t<div class=\"elementor-icon-box-icon\">\n\t\t\t\t<span  class=\"elementor-icon\">\n\t\t\t\t<i aria-hidden=\"true\" class=\"nc-icon-outline ui-1_email-83\"><\/i>\t\t\t\t<\/span>\n\t\t\t<\/div>\n\t\t\t\n\t\t\t\t\t\t<div class=\"elementor-icon-box-content\">\n\n\t\t\t\t\n\t\t\t\t\t\t\t\t\t<p class=\"elementor-icon-box-description\">\n\t\t\t\t\t\tkancelaria@poznan.merito.pl\t\t\t\t\t<\/p>\n\t\t\t\t\n\t\t\t<\/div>\n\t\t\t\n\t\t<\/div>\n\t\t\t\t\t\t<\/div>\n\t\t\t\t<\/div>\n\t\t\t\t<div class=\"elementor-element elementor-element-5cd9104d elementor-position-inline-start elementor-mobile-position-inline-start elementor-view-default elementor-widget elementor-widget-icon-box\" data-id=\"5cd9104d\" data-element_type=\"widget\" data-e-type=\"widget\" data-widget_type=\"icon-box.default\">\n\t\t\t\t<div class=\"elementor-widget-container\">\n\t\t\t\t\t\t\t<div class=\"elementor-icon-box-wrapper\">\n\n\t\t\t\t\t\t<div class=\"elementor-icon-box-icon\">\n\t\t\t\t<span  class=\"elementor-icon\">\n\t\t\t\t<i aria-hidden=\"true\" class=\"nc-icon-outline location_position-pin\"><\/i>\t\t\t\t<\/span>\n\t\t\t<\/div>\n\t\t\t\n\t\t\t\t\t\t<div class=\"elementor-icon-box-content\">\n\n\t\t\t\t\n\t\t\t\t\t\t\t\t\t<p class=\"elementor-icon-box-description\">\n\t\t\t\t\t\tul. Powsta\u0144c\u00f3w Wielkopolskich 5, 61-895 Pozna\u0144\t\t\t\t\t<\/p>\n\t\t\t\t\n\t\t\t<\/div>\n\t\t\t\n\t\t<\/div>\n\t\t\t\t\t\t<\/div>\n\t\t\t\t<\/div>\n\t\t\t\t<\/div>\n\t\t<div class=\"elementor-element elementor-element-71563c3f e-con-full e-flex e-con e-child\" data-id=\"71563c3f\" data-element_type=\"container\" data-e-type=\"container\" data-settings=\"{&quot;jet_parallax_layout_list&quot;:[]}\">\n\t\t\t\t<div class=\"elementor-element elementor-element-34420a5 elementor-widget elementor-widget-heading\" data-id=\"34420a5\" data-element_type=\"widget\" data-e-type=\"widget\" data-widget_type=\"heading.default\">\n\t\t\t\t<div class=\"elementor-widget-container\">\n\t\t\t\t\t<h2 class=\"elementor-heading-title elementor-size-small\">UNIWERSYTET WSB MERITO POZNA\u0143<\/h2>\t\t\t\t<\/div>\n\t\t\t\t<\/div>\n\t\t\t\t<div class=\"elementor-element elementor-element-53900358 elementor-widget elementor-widget-text-editor\" data-id=\"53900358\" data-element_type=\"widget\" data-e-type=\"widget\" data-widget_type=\"text-editor.default\">\n\t\t\t\t<div class=\"elementor-widget-container\">\n\t\t\t\t\t\t\t\t\tNa struktur\u0119 Uniwersytetu WSB Merito w Poznaniu sk\u0142adaj\u0105 si\u0119: Wydzia\u0142 Finans\u00f3w i Zarz\u0105dzania w Poznaniu, Wydzia\u0142 Zamiejscowy w Chorzowie, Wydzia\u0142 Ekonomiczny w Szczecinie oraz Wydzia\u0142 Przedsi\u0119biorczo\u015bci i Innowacji w Warszawie. W ofercie znajduj\u0105 si\u0119 wszystkie rodzaje studi\u00f3w, szkolenia oraz studia MBA. WSB w Poznaniu wsp\u00f3\u0142pracuje z wyk\u0142adowcami szk\u00f3\u0142 wy\u017cszych z ca\u0142ej Polski, korzystaj\u0105c jednocze\u015bnie z wiedzy i do\u015bwiadczenia wyk\u0142adowc\u00f3w zagranicznych. Grono pracownik\u00f3w naukowo-dydaktycznych uczelni tworzy oko\u0142o 400 nauczycieli akademickich na wydzia\u0142ach w ca\u0142ej Polsce. Dost\u0119p do naj\u015bwie\u017cszych danych rynkowych, prognozowanie trend\u00f3w oraz tworzenie program\u00f3w studi\u00f3w mo\u017cliwe jest dzi\u0119ki dzia\u0142aniu Kierunkowych Rad Programowych, w sk\u0142ad kt\u00f3rych wchodz\u0105 przedstawiciele firm i instytucji zwi\u0105zanych z dan\u0105 bran\u017c\u0105. UWSB w Poznaniu od lat plasuje si\u0119 jako lider rankingu Perspektywy w\u015br\u00f3d uczelni niepublicznych w Wielkopolsce. Potwierdzeniem jako\u015bci studi\u00f3w na kierunkach biznesowych WSB w Poznaniu jest mi\u0119dzynarodowa akredytacja International Accreditation Council for Business Education.\nUniwersytet wchodzi w sk\u0142ad Federacji Naukowej WSB-DSW Merito. Federacja Naukowa WSB-DSW Merito to pierwsza w Polsce federacja naukowa powo\u0142ana na mocy Prawa o szkolnictwie wy\u017cszym i nauce z 2018 roku. Jest to jednostka naukowa skupiaj\u0105ca pi\u0119\u0107 niepublicznych uczelni akademickich. Jej celem jest synergia potencja\u0142u naukowego uczelni \u2013 jednostek uczestnicz\u0105cych, a wsp\u00f3\u0142praca pracownik\u00f3w naukowych i dzia\u0142ania Federacji prowadz\u0105 do wytworzenia nowej, wy\u017cszej jako\u015bci w zakresie bada\u0144 naukowych.\n\t\t\t\t\t\t\t\t<\/div>\n\t\t\t\t<\/div>\n\t\t\t\t<div class=\"elementor-element elementor-element-4eb0b75f elementor-widget elementor-widget-heading\" data-id=\"4eb0b75f\" data-element_type=\"widget\" data-e-type=\"widget\" data-widget_type=\"heading.default\">\n\t\t\t\t<div class=\"elementor-widget-container\">\n\t\t\t\t\t<h2 class=\"elementor-heading-title elementor-size-small\">Osoba reprezentuj\u0105ca w PUE: Maciej Kolasi\u0144ski, przedstawiciel Za\u0142o\u017cyciela uczelni, Wiceprezes Zarz\u0105du Centrum Rozwoju Szk\u00f3\u0142 Wy\u017cszych Merito<\/h2>\t\t\t\t<\/div>\n\t\t\t\t<\/div>\n\t\t\t\t<div class=\"elementor-element elementor-element-776c2d7d elementor-widget elementor-widget-heading\" data-id=\"776c2d7d\" data-element_type=\"widget\" data-e-type=\"widget\" data-widget_type=\"heading.default\">\n\t\t\t\t<div class=\"elementor-widget-container\">\n\t\t\t\t\t<h2 class=\"elementor-heading-title elementor-size-small\">Dzia\u0142alno\u015b\u0107: Kszta\u0142cenie na poziomie wy\u017cszym - licencjackim, magisterskim oraz podyplomowym. Uprawnienia doktorskie i habilitacyjne w 8 dyscyplinach (za po\u015brednictwem Federacji Naukowej WSB-DSW Merito).<\/h2>\t\t\t\t<\/div>\n\t\t\t\t<\/div>\n\t\t\t\t<div class=\"elementor-element elementor-element-4664bfaa elementor-widget elementor-widget-heading\" data-id=\"4664bfaa\" data-element_type=\"widget\" data-e-type=\"widget\" data-widget_type=\"heading.default\">\n\t\t\t\t<div class=\"elementor-widget-container\">\n\t\t\t\t\t<h2 class=\"elementor-heading-title elementor-size-small\">Rok za\u0142o\u017cenia: 1994<\/h2>\t\t\t\t<\/div>\n\t\t\t\t<\/div>\n\t\t\t\t<\/div>\n\t\t\t\t\t<\/div>\n\t\t\t\t<\/div>\n\t\t\t\t<\/div>\n\t\t","protected":false},"excerpt":{"rendered":"<p>www.merito.pl\/poznan +48 61 655 33 72 kancelaria@poznan.merito.pl ul. Powsta\u0144c\u00f3w Wielkopolskich 5, 61-895 Pozna\u0144 UNIWERSYTET WSB MERITO POZNA\u0143 Na struktur\u0119 Uniwersytetu WSB Merito w Poznaniu sk\u0142adaj\u0105 si\u0119: Wydzia\u0142 Finans\u00f3w i Zarz\u0105dzania w Poznaniu, Wydzia\u0142 Zamiejscowy w Chorzowie, Wydzia\u0142 Ekonomiczny w Szczecinie oraz Wydzia\u0142 Przedsi\u0119biorczo\u015bci i Innowacji w Warszawie. W ofercie znajduj\u0105 si\u0119 wszystkie rodzaje studi\u00f3w, szkolenia [&hellip;]<\/p>\n","protected":false},"author":1,"featured_media":0,"parent":17,"menu_order":0,"comment_status":"closed","ping_status":"closed","template":"page-templates\/fullwidth-content.php","meta":{"footnotes":""},"class_list":["post-5602","page","type-page","status-publish","hentry"],"_links":{"self":[{"href":"https:\/\/pue.edu.pl\/en\/wp-json\/wp\/v2\/pages\/5602","targetHints":{"allow":["GET"]}}],"collection":[{"href":"https:\/\/pue.edu.pl\/en\/wp-json\/wp\/v2\/pages"}],"about":[{"href":"https:\/\/pue.edu.pl\/en\/wp-json\/wp\/v2\/types\/page"}],"author":[{"embeddable":true,"href":"https:\/\/pue.edu.pl\/en\/wp-json\/wp\/v2\/users\/1"}],"replies":[{"embeddable":true,"href":"https:\/\/pue.edu.pl\/en\/wp-json\/wp\/v2\/comments?post=5602"}],"version-history":[{"count":14,"href":"https:\/\/pue.edu.pl\/en\/wp-json\/wp\/v2\/pages\/5602\/revisions"}],"predecessor-version":[{"id":6833,"href":"https:\/\/pue.edu.pl\/en\/wp-json\/wp\/v2\/pages\/5602\/revisions\/6833"}],"up":[{"embeddable":true,"href":"https:\/\/pue.edu.pl\/en\/wp-json\/wp\/v2\/pages\/17"}],"wp:attachment":[{"href":"https:\/\/pue.edu.pl\/en\/wp-json\/wp\/v2\/media?parent=5602"}],"curies":[{"name":"wp","href":"https:\/\/api.w.org\/{rel}","templated":true}]}}