{"id":5611,"date":"2024-02-29T08:19:22","date_gmt":"2024-02-29T08:19:22","guid":{"rendered":"https:\/\/pue.edu.pl\/?page_id=5611"},"modified":"2024-03-12T22:04:22","modified_gmt":"2024-03-12T22:04:22","slug":"wsip","status":"publish","type":"page","link":"https:\/\/pue.edu.pl\/en\/czlonkowie\/wsip\/","title":{"rendered":"WSiP"},"content":{"rendered":"\t\t<div data-elementor-type=\"wp-page\" data-elementor-id=\"5611\" class=\"elementor elementor-5611\" data-elementor-post-type=\"page\">\n\t\t\t\t<div class=\"elementor-element elementor-element-24fae201 e-flex e-con-boxed e-con e-parent\" data-id=\"24fae201\" data-element_type=\"container\" data-e-type=\"container\" data-settings=\"{&quot;jet_parallax_layout_list&quot;:[{&quot;jet_parallax_layout_image&quot;:{&quot;url&quot;:&quot;&quot;,&quot;id&quot;:&quot;&quot;,&quot;size&quot;:&quot;&quot;},&quot;_id&quot;:&quot;b0efd22&quot;,&quot;jet_parallax_layout_image_tablet&quot;:{&quot;url&quot;:&quot;&quot;,&quot;id&quot;:&quot;&quot;,&quot;size&quot;:&quot;&quot;},&quot;jet_parallax_layout_image_mobile&quot;:{&quot;url&quot;:&quot;&quot;,&quot;id&quot;:&quot;&quot;,&quot;size&quot;:&quot;&quot;},&quot;jet_parallax_layout_speed&quot;:{&quot;unit&quot;:&quot;%&quot;,&quot;size&quot;:50,&quot;sizes&quot;:[]},&quot;jet_parallax_layout_type&quot;:&quot;scroll&quot;,&quot;jet_parallax_layout_direction&quot;:&quot;1&quot;,&quot;jet_parallax_layout_fx_direction&quot;:null,&quot;jet_parallax_layout_z_index&quot;:&quot;&quot;,&quot;jet_parallax_layout_bg_x&quot;:50,&quot;jet_parallax_layout_bg_x_tablet&quot;:&quot;&quot;,&quot;jet_parallax_layout_bg_x_mobile&quot;:&quot;&quot;,&quot;jet_parallax_layout_bg_y&quot;:50,&quot;jet_parallax_layout_bg_y_tablet&quot;:&quot;&quot;,&quot;jet_parallax_layout_bg_y_mobile&quot;:&quot;&quot;,&quot;jet_parallax_layout_bg_size&quot;:&quot;auto&quot;,&quot;jet_parallax_layout_bg_size_tablet&quot;:&quot;&quot;,&quot;jet_parallax_layout_bg_size_mobile&quot;:&quot;&quot;,&quot;jet_parallax_layout_animation_prop&quot;:&quot;transform&quot;,&quot;jet_parallax_layout_on&quot;:[&quot;desktop&quot;,&quot;tablet&quot;]}]}\">\n\t\t\t\t\t<div class=\"e-con-inner\">\n\t\t<div class=\"elementor-element elementor-element-7491d21e e-con-full e-flex e-con e-child\" data-id=\"7491d21e\" data-element_type=\"container\" data-e-type=\"container\" data-settings=\"{&quot;jet_parallax_layout_list&quot;:[]}\">\n\t\t\t\t<div class=\"elementor-element elementor-element-3c7e2135 elementor-widget elementor-widget-jet-team-member\" data-id=\"3c7e2135\" data-element_type=\"widget\" data-e-type=\"widget\" data-widget_type=\"jet-team-member.default\">\n\t\t\t\t<div class=\"elementor-widget-container\">\n\t\t\t\t\t<div class=\"elementor-jet-team-member jet-elements\"><div class=\"jet-team-member\">\n\t<div class=\"jet-team-member__inner\">\n\t\t\t<div class=\"jet-team-member__image\">\n\t\t\t<div class=\"jet-team-member__cover\"><\/div>\n\t\t\t<figure class=\"jet-team-member__figure\"><img fetchpriority=\"high\" decoding=\"async\" width=\"350\" height=\"263\" src=\"https:\/\/pue.edu.pl\/wp-content\/uploads\/2024\/01\/wsip-1.jpg\" class=\"jet-team-member__img-tag\" alt=\"wsip\" srcset=\"https:\/\/pue.edu.pl\/wp-content\/uploads\/2024\/01\/wsip-1.jpg 350w, https:\/\/pue.edu.pl\/wp-content\/uploads\/2024\/01\/wsip-1-300x225.jpg 300w\" sizes=\"(max-width: 350px) 100vw, 350px\" \/><\/figure>\t\t<\/div>\n\t\t<div class=\"jet-team-member__content\"><div class=\"jet-team-member__socials\"><\/div><div class=\"jet-team-member__button-container\"><a class=\"elementor-button elementor-size-md jet-team-member__button\" href=\"https:\/\/www.wsip.com.pl\">www.wsip.com.pl<\/a><\/div><\/div>\n\t<\/div>\n\t<\/div>\n<\/div>\t\t\t\t<\/div>\n\t\t\t\t<\/div>\n\t\t\t\t<div class=\"elementor-element elementor-element-3ff363c5 elementor-widget-divider--view-line elementor-widget elementor-widget-divider\" data-id=\"3ff363c5\" data-element_type=\"widget\" data-e-type=\"widget\" data-widget_type=\"divider.default\">\n\t\t\t\t<div class=\"elementor-widget-container\">\n\t\t\t\t\t\t\t<div class=\"elementor-divider\">\n\t\t\t<span class=\"elementor-divider-separator\">\n\t\t\t\t\t\t<\/span>\n\t\t<\/div>\n\t\t\t\t\t\t<\/div>\n\t\t\t\t<\/div>\n\t\t\t\t<div class=\"elementor-element elementor-element-7284de2d elementor-position-inline-start elementor-mobile-position-inline-start elementor-view-default elementor-widget elementor-widget-icon-box\" data-id=\"7284de2d\" data-element_type=\"widget\" data-e-type=\"widget\" data-widget_type=\"icon-box.default\">\n\t\t\t\t<div class=\"elementor-widget-container\">\n\t\t\t\t\t\t\t<div class=\"elementor-icon-box-wrapper\">\n\n\t\t\t\t\t\t<div class=\"elementor-icon-box-icon\">\n\t\t\t\t<span  class=\"elementor-icon\">\n\t\t\t\t<svg aria-hidden=\"true\" class=\"e-font-icon-svg e-fas-phone-alt\" viewBox=\"0 0 512 512\" xmlns=\"http:\/\/www.w3.org\/2000\/svg\"><path d=\"M497.39 361.8l-112-48a24 24 0 0 0-28 6.9l-49.6 60.6A370.66 370.66 0 0 1 130.6 204.11l60.6-49.6a23.94 23.94 0 0 0 6.9-28l-48-112A24.16 24.16 0 0 0 122.6.61l-104 24A24 24 0 0 0 0 48c0 256.5 207.9 464 464 464a24 24 0 0 0 23.4-18.6l24-104a24.29 24.29 0 0 0-14.01-27.6z\"><\/path><\/svg>\t\t\t\t<\/span>\n\t\t\t<\/div>\n\t\t\t\n\t\t\t\t\t\t<div class=\"elementor-icon-box-content\">\n\n\t\t\t\t\n\t\t\t\t\t\t\t\t\t<p class=\"elementor-icon-box-description\">\n\t\t\t\t\t\t+48 22 576 28 37\t\t\t\t\t<\/p>\n\t\t\t\t\n\t\t\t<\/div>\n\t\t\t\n\t\t<\/div>\n\t\t\t\t\t\t<\/div>\n\t\t\t\t<\/div>\n\t\t\t\t<div class=\"elementor-element elementor-element-1ecbbf8b elementor-position-inline-start elementor-mobile-position-inline-start elementor-view-default elementor-widget elementor-widget-icon-box\" data-id=\"1ecbbf8b\" data-element_type=\"widget\" data-e-type=\"widget\" data-widget_type=\"icon-box.default\">\n\t\t\t\t<div class=\"elementor-widget-container\">\n\t\t\t\t\t\t\t<div class=\"elementor-icon-box-wrapper\">\n\n\t\t\t\t\t\t<div class=\"elementor-icon-box-icon\">\n\t\t\t\t<span  class=\"elementor-icon\">\n\t\t\t\t<i aria-hidden=\"true\" class=\"nc-icon-outline ui-1_email-83\"><\/i>\t\t\t\t<\/span>\n\t\t\t<\/div>\n\t\t\t\n\t\t\t\t\t\t<div class=\"elementor-icon-box-content\">\n\n\t\t\t\t\n\t\t\t\t\t\t\t\t\t<p class=\"elementor-icon-box-description\">\n\t\t\t\t\t\tArtur_Dziganski@wsip.com.pl\t\t\t\t\t<\/p>\n\t\t\t\t\n\t\t\t<\/div>\n\t\t\t\n\t\t<\/div>\n\t\t\t\t\t\t<\/div>\n\t\t\t\t<\/div>\n\t\t\t\t<div class=\"elementor-element elementor-element-6e74b301 elementor-position-inline-start elementor-mobile-position-inline-start elementor-view-default elementor-widget elementor-widget-icon-box\" data-id=\"6e74b301\" data-element_type=\"widget\" data-e-type=\"widget\" data-widget_type=\"icon-box.default\">\n\t\t\t\t<div class=\"elementor-widget-container\">\n\t\t\t\t\t\t\t<div class=\"elementor-icon-box-wrapper\">\n\n\t\t\t\t\t\t<div class=\"elementor-icon-box-icon\">\n\t\t\t\t<span  class=\"elementor-icon\">\n\t\t\t\t<i aria-hidden=\"true\" class=\"nc-icon-outline location_position-pin\"><\/i>\t\t\t\t<\/span>\n\t\t\t<\/div>\n\t\t\t\n\t\t\t\t\t\t<div class=\"elementor-icon-box-content\">\n\n\t\t\t\t\n\t\t\t\t\t\t\t\t\t<p class=\"elementor-icon-box-description\">\n\t\t\t\t\t\tAleje Jerozolimskie 96, 00-807 Warszawa\t\t\t\t\t<\/p>\n\t\t\t\t\n\t\t\t<\/div>\n\t\t\t\n\t\t<\/div>\n\t\t\t\t\t\t<\/div>\n\t\t\t\t<\/div>\n\t\t\t\t<\/div>\n\t\t<div class=\"elementor-element elementor-element-7e051765 e-con-full e-flex e-con e-child\" data-id=\"7e051765\" data-element_type=\"container\" data-e-type=\"container\" data-settings=\"{&quot;jet_parallax_layout_list&quot;:[]}\">\n\t\t\t\t<div class=\"elementor-element elementor-element-1a9688a7 elementor-widget elementor-widget-heading\" data-id=\"1a9688a7\" data-element_type=\"widget\" data-e-type=\"widget\" data-widget_type=\"heading.default\">\n\t\t\t\t<div class=\"elementor-widget-container\">\n\t\t\t\t\t<h2 class=\"elementor-heading-title elementor-size-small\">Wydawnictwa Szkolne i Pedagogiczne S.A.<\/h2>\t\t\t\t<\/div>\n\t\t\t\t<\/div>\n\t\t\t\t<div class=\"elementor-element elementor-element-2219ee56 elementor-widget elementor-widget-text-editor\" data-id=\"2219ee56\" data-element_type=\"widget\" data-e-type=\"widget\" data-widget_type=\"text-editor.default\">\n\t\t\t\t<div class=\"elementor-widget-container\">\n\t\t\t\t\t\t\t\t\t<p>Dzia\u0142alno\u015b\u0107 wydawnicza WSiP obejmuje wszystkie etapy edukacyjne, od przedszkola i edukacji wczesnoszkolnej do szk\u00f3\u0142 ponadpodstawowych, w tym bran\u017cowych. Skierowana jest zar\u00f3wno do uczni\u00f3w (podr\u0119czniki, materia\u0142y edukacyjne i \u0107wiczeniowe), jak i nauczycieli (materia\u0142y dydaktyczno-metodyczne i diagnostyczne). WSiP oferuje tak\u017ce nowoczesne us\u0142ugi edukacyjne: serwisy internetowe, aplikacje mobilne, platformy edukacyjne i e-podr\u0119czniki. Od 2016 roku Wydawnictwa s\u0105 w\u0142a\u015bcicielem sieci Szk\u00f3\u0142 J\u0119zyk\u00f3w Obcych Profi-Lingua, jednej z najwi\u0119kszych sieci szk\u00f3\u0142 j\u0119zykowych w Polsce. Przy WSiP dzia\u0142a tak\u017ce akredytowany O\u015brodek Rozwoju Kompetencji Edukacyjnych (ORKE), zajmuj\u0105cy si\u0119 doskonaleniem nauczycieli oraz kadry kierowniczej szk\u00f3\u0142 i plac\u00f3wek o\u015bwiatowych.<\/p>\t\t\t\t\t\t\t\t<\/div>\n\t\t\t\t<\/div>\n\t\t\t\t<div class=\"elementor-element elementor-element-4aaba723 elementor-widget elementor-widget-heading\" data-id=\"4aaba723\" data-element_type=\"widget\" data-e-type=\"widget\" data-widget_type=\"heading.default\">\n\t\t\t\t<div class=\"elementor-widget-container\">\n\t\t\t\t\t<h2 class=\"elementor-heading-title elementor-size-small\">Osoba reprezentuj\u0105ca w PUE: Dyrektor Kszta\u0142cenia Zawodowego, Artur Dziga\u0144ski<\/h2>\t\t\t\t<\/div>\n\t\t\t\t<\/div>\n\t\t\t\t<div class=\"elementor-element elementor-element-6a7d7dc3 elementor-widget elementor-widget-heading\" data-id=\"6a7d7dc3\" data-element_type=\"widget\" data-e-type=\"widget\" data-widget_type=\"heading.default\">\n\t\t\t\t<div class=\"elementor-widget-container\">\n\t\t\t\t\t<h2 class=\"elementor-heading-title elementor-size-small\">Dzia\u0142alno\u015b\u0107:  \tDzia\u0142alno\u015b\u0107 wydawniczo-edukacyjna<\/h2>\t\t\t\t<\/div>\n\t\t\t\t<\/div>\n\t\t\t\t<div class=\"elementor-element elementor-element-1fd8f8bf elementor-widget elementor-widget-heading\" data-id=\"1fd8f8bf\" data-element_type=\"widget\" data-e-type=\"widget\" data-widget_type=\"heading.default\">\n\t\t\t\t<div class=\"elementor-widget-container\">\n\t\t\t\t\t<h2 class=\"elementor-heading-title elementor-size-small\">Rok za\u0142o\u017cenia: 1945<\/h2>\t\t\t\t<\/div>\n\t\t\t\t<\/div>\n\t\t\t\t<\/div>\n\t\t\t\t\t<\/div>\n\t\t\t\t<\/div>\n\t\t\t\t<\/div>\n\t\t","protected":false},"excerpt":{"rendered":"<p>www.wsip.com.pl +48 22 576 28 37 Artur_Dziganski@wsip.com.pl Aleje Jerozolimskie 96, 00-807 Warszawa Wydawnictwa Szkolne i Pedagogiczne S.A. Dzia\u0142alno\u015b\u0107 wydawnicza WSiP obejmuje wszystkie etapy edukacyjne, od przedszkola i edukacji wczesnoszkolnej do szk\u00f3\u0142 ponadpodstawowych, w tym bran\u017cowych. Skierowana jest zar\u00f3wno do uczni\u00f3w (podr\u0119czniki, materia\u0142y edukacyjne i \u0107wiczeniowe), jak i nauczycieli (materia\u0142y dydaktyczno-metodyczne i diagnostyczne). WSiP oferuje tak\u017ce [&hellip;]<\/p>\n","protected":false},"author":1,"featured_media":0,"parent":17,"menu_order":0,"comment_status":"closed","ping_status":"closed","template":"page-templates\/fullwidth-content.php","meta":{"footnotes":""},"class_list":["post-5611","page","type-page","status-publish","hentry"],"_links":{"self":[{"href":"https:\/\/pue.edu.pl\/en\/wp-json\/wp\/v2\/pages\/5611","targetHints":{"allow":["GET"]}}],"collection":[{"href":"https:\/\/pue.edu.pl\/en\/wp-json\/wp\/v2\/pages"}],"about":[{"href":"https:\/\/pue.edu.pl\/en\/wp-json\/wp\/v2\/types\/page"}],"author":[{"embeddable":true,"href":"https:\/\/pue.edu.pl\/en\/wp-json\/wp\/v2\/users\/1"}],"replies":[{"embeddable":true,"href":"https:\/\/pue.edu.pl\/en\/wp-json\/wp\/v2\/comments?post=5611"}],"version-history":[{"count":7,"href":"https:\/\/pue.edu.pl\/en\/wp-json\/wp\/v2\/pages\/5611\/revisions"}],"predecessor-version":[{"id":6719,"href":"https:\/\/pue.edu.pl\/en\/wp-json\/wp\/v2\/pages\/5611\/revisions\/6719"}],"up":[{"embeddable":true,"href":"https:\/\/pue.edu.pl\/en\/wp-json\/wp\/v2\/pages\/17"}],"wp:attachment":[{"href":"https:\/\/pue.edu.pl\/en\/wp-json\/wp\/v2\/media?parent=5611"}],"curies":[{"name":"wp","href":"https:\/\/api.w.org\/{rel}","templated":true}]}}