{"id":7005,"date":"2024-07-15T08:04:38","date_gmt":"2024-07-15T08:04:38","guid":{"rendered":"https:\/\/pue.edu.pl\/?page_id=7005"},"modified":"2024-07-15T08:10:58","modified_gmt":"2024-07-15T08:10:58","slug":"szkola-glowna-turystyki-i-hotelarstwa-vistula","status":"publish","type":"page","link":"https:\/\/pue.edu.pl\/en\/czlonkowie\/szkola-glowna-turystyki-i-hotelarstwa-vistula\/","title":{"rendered":"Szko\u0142a G\u0142\u00f3wna Turystyki i Hotelarstwa Vistula"},"content":{"rendered":"\t\t<div data-elementor-type=\"wp-page\" data-elementor-id=\"7005\" class=\"elementor elementor-7005\" data-elementor-post-type=\"page\">\n\t\t\t\t<div class=\"elementor-element elementor-element-333d3233 e-flex e-con-boxed e-con e-parent\" data-id=\"333d3233\" data-element_type=\"container\" data-e-type=\"container\" data-settings=\"{&quot;jet_parallax_layout_list&quot;:[{&quot;jet_parallax_layout_image&quot;:{&quot;url&quot;:&quot;&quot;,&quot;id&quot;:&quot;&quot;,&quot;size&quot;:&quot;&quot;},&quot;_id&quot;:&quot;b0efd22&quot;,&quot;jet_parallax_layout_image_tablet&quot;:{&quot;url&quot;:&quot;&quot;,&quot;id&quot;:&quot;&quot;,&quot;size&quot;:&quot;&quot;},&quot;jet_parallax_layout_image_mobile&quot;:{&quot;url&quot;:&quot;&quot;,&quot;id&quot;:&quot;&quot;,&quot;size&quot;:&quot;&quot;},&quot;jet_parallax_layout_speed&quot;:{&quot;unit&quot;:&quot;%&quot;,&quot;size&quot;:50,&quot;sizes&quot;:[]},&quot;jet_parallax_layout_type&quot;:&quot;scroll&quot;,&quot;jet_parallax_layout_direction&quot;:&quot;1&quot;,&quot;jet_parallax_layout_fx_direction&quot;:null,&quot;jet_parallax_layout_z_index&quot;:&quot;&quot;,&quot;jet_parallax_layout_bg_x&quot;:50,&quot;jet_parallax_layout_bg_x_tablet&quot;:&quot;&quot;,&quot;jet_parallax_layout_bg_x_mobile&quot;:&quot;&quot;,&quot;jet_parallax_layout_bg_y&quot;:50,&quot;jet_parallax_layout_bg_y_tablet&quot;:&quot;&quot;,&quot;jet_parallax_layout_bg_y_mobile&quot;:&quot;&quot;,&quot;jet_parallax_layout_bg_size&quot;:&quot;auto&quot;,&quot;jet_parallax_layout_bg_size_tablet&quot;:&quot;&quot;,&quot;jet_parallax_layout_bg_size_mobile&quot;:&quot;&quot;,&quot;jet_parallax_layout_animation_prop&quot;:&quot;transform&quot;,&quot;jet_parallax_layout_on&quot;:[&quot;desktop&quot;,&quot;tablet&quot;]}]}\">\n\t\t\t\t\t<div class=\"e-con-inner\">\n\t\t<div class=\"elementor-element elementor-element-54cd83ff e-con-full e-flex e-con e-child\" data-id=\"54cd83ff\" data-element_type=\"container\" data-e-type=\"container\" data-settings=\"{&quot;jet_parallax_layout_list&quot;:[]}\">\n\t\t\t\t<div class=\"elementor-element elementor-element-1cce861e elementor-widget elementor-widget-jet-team-member\" data-id=\"1cce861e\" data-element_type=\"widget\" data-e-type=\"widget\" data-widget_type=\"jet-team-member.default\">\n\t\t\t\t<div class=\"elementor-widget-container\">\n\t\t\t\t\t<div class=\"elementor-jet-team-member jet-elements\"><div class=\"jet-team-member\">\n\t<div class=\"jet-team-member__inner\">\n\t\t\t<div class=\"jet-team-member__image\">\n\t\t\t<div class=\"jet-team-member__cover\"><\/div>\n\t\t\t<figure class=\"jet-team-member__figure\"><img fetchpriority=\"high\" decoding=\"async\" width=\"256\" height=\"256\" src=\"https:\/\/pue.edu.pl\/wp-content\/uploads\/2024\/07\/vistula-logo-sgtih-min.png\" class=\"jet-team-member__img-tag\" alt=\"vistula-logo-sgtih-min\" srcset=\"https:\/\/pue.edu.pl\/wp-content\/uploads\/2024\/07\/vistula-logo-sgtih-min.png 256w, https:\/\/pue.edu.pl\/wp-content\/uploads\/2024\/07\/vistula-logo-sgtih-min-150x150.png 150w, https:\/\/pue.edu.pl\/wp-content\/uploads\/2024\/07\/vistula-logo-sgtih-min-12x12.png 12w, https:\/\/pue.edu.pl\/wp-content\/uploads\/2024\/07\/vistula-logo-sgtih-min-230x230.png 230w\" sizes=\"(max-width: 256px) 100vw, 256px\" \/><\/figure>\t\t<\/div>\n\t\t<div class=\"jet-team-member__content\"><div class=\"jet-team-member__socials\"><\/div><div class=\"jet-team-member__button-container\"><a class=\"elementor-button elementor-size-md jet-team-member__button\" href=\"https:\/\/vistulahospitality.edu.pl\/\">www.vistulahospitality.edu.pl<\/a><\/div><\/div>\n\t<\/div>\n\t<\/div>\n<\/div>\t\t\t\t<\/div>\n\t\t\t\t<\/div>\n\t\t\t\t<div class=\"elementor-element elementor-element-50cb8475 elementor-widget-divider--view-line elementor-widget elementor-widget-divider\" data-id=\"50cb8475\" data-element_type=\"widget\" data-e-type=\"widget\" data-widget_type=\"divider.default\">\n\t\t\t\t<div class=\"elementor-widget-container\">\n\t\t\t\t\t\t\t<div class=\"elementor-divider\">\n\t\t\t<span class=\"elementor-divider-separator\">\n\t\t\t\t\t\t<\/span>\n\t\t<\/div>\n\t\t\t\t\t\t<\/div>\n\t\t\t\t<\/div>\n\t\t\t\t<div class=\"elementor-element elementor-element-7fe57d31 elementor-position-inline-start elementor-mobile-position-inline-start elementor-view-default elementor-widget elementor-widget-icon-box\" data-id=\"7fe57d31\" data-element_type=\"widget\" data-e-type=\"widget\" data-widget_type=\"icon-box.default\">\n\t\t\t\t<div class=\"elementor-widget-container\">\n\t\t\t\t\t\t\t<div class=\"elementor-icon-box-wrapper\">\n\n\t\t\t\t\t\t<div class=\"elementor-icon-box-icon\">\n\t\t\t\t<span  class=\"elementor-icon\">\n\t\t\t\t<svg aria-hidden=\"true\" class=\"e-font-icon-svg e-fas-phone-alt\" viewBox=\"0 0 512 512\" xmlns=\"http:\/\/www.w3.org\/2000\/svg\"><path d=\"M497.39 361.8l-112-48a24 24 0 0 0-28 6.9l-49.6 60.6A370.66 370.66 0 0 1 130.6 204.11l60.6-49.6a23.94 23.94 0 0 0 6.9-28l-48-112A24.16 24.16 0 0 0 122.6.61l-104 24A24 24 0 0 0 0 48c0 256.5 207.9 464 464 464a24 24 0 0 0 23.4-18.6l24-104a24.29 24.29 0 0 0-14.01-27.6z\"><\/path><\/svg>\t\t\t\t<\/span>\n\t\t\t<\/div>\n\t\t\t\n\t\t\t\t\t\t<div class=\"elementor-icon-box-content\">\n\n\t\t\t\t\n\t\t\t\t\t\t\t\t\t<p class=\"elementor-icon-box-description\">\n\t\t\t\t\t\t+48 22 45 72 340\t\t\t\t\t<\/p>\n\t\t\t\t\n\t\t\t<\/div>\n\t\t\t\n\t\t<\/div>\n\t\t\t\t\t\t<\/div>\n\t\t\t\t<\/div>\n\t\t\t\t<div class=\"elementor-element elementor-element-1ddb5c23 elementor-position-inline-start elementor-mobile-position-inline-start elementor-view-default elementor-widget elementor-widget-icon-box\" data-id=\"1ddb5c23\" data-element_type=\"widget\" data-e-type=\"widget\" data-widget_type=\"icon-box.default\">\n\t\t\t\t<div class=\"elementor-widget-container\">\n\t\t\t\t\t\t\t<div class=\"elementor-icon-box-wrapper\">\n\n\t\t\t\t\t\t<div class=\"elementor-icon-box-icon\">\n\t\t\t\t<a href=\"http:\/\/rektor@gwsh.pl\" class=\"elementor-icon\" tabindex=\"-1\">\n\t\t\t\t<i aria-hidden=\"true\" class=\"nc-icon-outline ui-1_email-83\"><\/i>\t\t\t\t<\/a>\n\t\t\t<\/div>\n\t\t\t\n\t\t\t\t\t\t<div class=\"elementor-icon-box-content\">\n\n\t\t\t\t\n\t\t\t\t\t\t\t\t\t<p class=\"elementor-icon-box-description\">\n\t\t\t\t\t\trektorat.sgtih@vistula.edu.pl\t\t\t\t\t<\/p>\n\t\t\t\t\n\t\t\t<\/div>\n\t\t\t\n\t\t<\/div>\n\t\t\t\t\t\t<\/div>\n\t\t\t\t<\/div>\n\t\t\t\t<div class=\"elementor-element elementor-element-2fe86779 elementor-position-inline-start elementor-mobile-position-inline-start elementor-view-default elementor-widget elementor-widget-icon-box\" data-id=\"2fe86779\" data-element_type=\"widget\" data-e-type=\"widget\" data-widget_type=\"icon-box.default\">\n\t\t\t\t<div class=\"elementor-widget-container\">\n\t\t\t\t\t\t\t<div class=\"elementor-icon-box-wrapper\">\n\n\t\t\t\t\t\t<div class=\"elementor-icon-box-icon\">\n\t\t\t\t<span  class=\"elementor-icon\">\n\t\t\t\t<i aria-hidden=\"true\" class=\"nc-icon-outline location_position-pin\"><\/i>\t\t\t\t<\/span>\n\t\t\t<\/div>\n\t\t\t\n\t\t\t\t\t\t<div class=\"elementor-icon-box-content\">\n\n\t\t\t\t\n\t\t\t\t\t\t\t\t\t<p class=\"elementor-icon-box-description\">\n\t\t\t\t\t\t \tul. Stok\u0142osy 3,02-787 Warszawa\t\t\t\t\t<\/p>\n\t\t\t\t\n\t\t\t<\/div>\n\t\t\t\n\t\t<\/div>\n\t\t\t\t\t\t<\/div>\n\t\t\t\t<\/div>\n\t\t\t\t<\/div>\n\t\t<div class=\"elementor-element elementor-element-7486d42a e-con-full e-flex e-con e-child\" data-id=\"7486d42a\" data-element_type=\"container\" data-e-type=\"container\" data-settings=\"{&quot;jet_parallax_layout_list&quot;:[]}\">\n\t\t\t\t<div class=\"elementor-element elementor-element-1ab9620 elementor-widget elementor-widget-heading\" data-id=\"1ab9620\" data-element_type=\"widget\" data-e-type=\"widget\" data-widget_type=\"heading.default\">\n\t\t\t\t<div class=\"elementor-widget-container\">\n\t\t\t\t\t<h2 class=\"elementor-heading-title elementor-size-small\">Szko\u0142a G\u0142\u00f3wna Turystyki i Hotelarstwa Vistula <\/h2>\t\t\t\t<\/div>\n\t\t\t\t<\/div>\n\t\t\t\t<div class=\"elementor-element elementor-element-26ff3afa elementor-widget elementor-widget-text-editor\" data-id=\"26ff3afa\" data-element_type=\"widget\" data-e-type=\"widget\" data-widget_type=\"text-editor.default\">\n\t\t\t\t<div class=\"elementor-widget-container\">\n\t\t\t\t\t\t\t\t\tSzko\u0142a G\u0142\u00f3wna Turystyki i Hotelarstwa Vistula to nowoczesna uczelnia biznesowa, oferuj\u0105ca kierunki prowadzone na najwy\u017cszym poziomie na studiach licencjackich i magisterskich, w j\u0119zyku polskim i angielskim \u2013 dietetyk\u0119, turystyk\u0119 i rekreacj\u0119 oraz turystyk\u0119 i hotelarstwo. Przygotowuje absolwent\u00f3w do pracy w kierowaniu, tworzeniu i zarz\u0105dzaniu przedsi\u0119biorstwami z sektor\u00f3w: czasu wolnego, przemys\u0142u spotka\u0144, zarz\u0105dzania hotelami, restauracjami, o\u015brodkami sportu i rekreacji oraz agencjami eventowymi. Jest pierwsz\u0105 w Polsce i w tej cz\u0119\u015bci Europy szko\u0142\u0105 wy\u017csz\u0105, kt\u00f3ra otrzyma\u0142a akredytacj\u0119 THE-ICE. To znak najwy\u017cszej jako\u015bci kszta\u0142cenia, dow\u00f3d uznania dla systemu wspierania student\u00f3w, wsp\u00f3\u0142pracy z biznesem oraz warto\u015bci bada\u0144 naukowych. Atutem SGTiH Vistula jest promowanie idei przedsi\u0119biorczo\u015bci oraz kszta\u0142towanie u student\u00f3w umiej\u0119tno\u015bci praktycznych niezb\u0119dnych na rynku pracy i oczekiwanych przez pracodawc\u00f3w. SGTiH Vistula wsp\u00f3\u0142pracuje z ponad 40-toma zagranicznymi uczelniami w zakresie wymiany wyk\u0142adowc\u00f3w i student\u00f3w, wsp\u00f3lnych program\u00f3w i projekt\u00f3w, bada\u0144, wymiany do\u015bwiadcze\u0144 oraz publikacji. Szczeg\u00f3lne miejsce zajmuje B.H.M.S. \u2013 Business and Hotel Management School w Lucernie. Umowa zawarta z t\u0105 uczelni\u0105 daje studentom mo\u017cliwo\u015b\u0107 studiowania w Szwajcarii oraz zdobycia podw\u00f3jnego a nawet potr\u00f3jnego dyplomu. Uczelnia zrealizowa\u0142a wiele prac i projekt\u00f3w badawczych, kt\u00f3rych odbiorcami byli: rz\u0105d RP, w\u0142adze wojew\u00f3dzkie, organizacje krajowe i regionalne, banki, inwestorzy oraz przedsi\u0119biorstwa turystyczne. We wsp\u00f3\u0142pracy z G\u0142\u00f3wnym Urz\u0119dem Statystycznym bra\u0142a udzia\u0142 w doskonaleniu systemu statystyki turystyki w Polsce.\t\t\t\t\t\t\t\t<\/div>\n\t\t\t\t<\/div>\n\t\t\t\t<div class=\"elementor-element elementor-element-2591f6ce elementor-widget elementor-widget-heading\" data-id=\"2591f6ce\" data-element_type=\"widget\" data-e-type=\"widget\" data-widget_type=\"heading.default\">\n\t\t\t\t<div class=\"elementor-widget-container\">\n\t\t\t\t\t<h2 class=\"elementor-heading-title elementor-size-small\">Rektor Szko\u0142y G\u0142\u00f3wnej Turystyki i Hotelarstwa Vistula dr hab. Krzysztof Celuch, prof. SGTiH Vistula<\/h2>\t\t\t\t<\/div>\n\t\t\t\t<\/div>\n\t\t\t\t<div class=\"elementor-element elementor-element-11e48258 elementor-widget elementor-widget-heading\" data-id=\"11e48258\" data-element_type=\"widget\" data-e-type=\"widget\" data-widget_type=\"heading.default\">\n\t\t\t\t<div class=\"elementor-widget-container\">\n\t\t\t\t\t<h2 class=\"elementor-heading-title elementor-size-small\">Dzia\u0142alno\u015b\u0107: Kszta\u0142cenie na poziomie wy\u017cszym - licencjackim, magisterskim, studia podyplomowe oraz szkolenia i kursy.<\/h2>\t\t\t\t<\/div>\n\t\t\t\t<\/div>\n\t\t\t\t<div class=\"elementor-element elementor-element-6088a4ca elementor-widget elementor-widget-heading\" data-id=\"6088a4ca\" data-element_type=\"widget\" data-e-type=\"widget\" data-widget_type=\"heading.default\">\n\t\t\t\t<div class=\"elementor-widget-container\">\n\t\t\t\t\t<h2 class=\"elementor-heading-title elementor-size-small\">Rok za\u0142o\u017cenia: 1996<\/h2>\t\t\t\t<\/div>\n\t\t\t\t<\/div>\n\t\t\t\t<\/div>\n\t\t\t\t\t<\/div>\n\t\t\t\t<\/div>\n\t\t\t\t<\/div>\n\t\t","protected":false},"excerpt":{"rendered":"<p>www.vistulahospitality.edu.pl +48 22 45 72 340 rektorat.sgtih@vistula.edu.pl ul. Stok\u0142osy 3,02-787 Warszawa Szko\u0142a G\u0142\u00f3wna Turystyki i Hotelarstwa Vistula Szko\u0142a G\u0142\u00f3wna Turystyki i Hotelarstwa Vistula to nowoczesna uczelnia biznesowa, oferuj\u0105ca kierunki prowadzone na najwy\u017cszym poziomie na studiach licencjackich i magisterskich, w j\u0119zyku polskim i angielskim \u2013 dietetyk\u0119, turystyk\u0119 i rekreacj\u0119 oraz turystyk\u0119 i hotelarstwo. Przygotowuje absolwent\u00f3w do [&hellip;]<\/p>\n","protected":false},"author":1,"featured_media":0,"parent":17,"menu_order":0,"comment_status":"closed","ping_status":"closed","template":"elementor_header_footer","meta":{"footnotes":""},"class_list":["post-7005","page","type-page","status-publish","hentry"],"_links":{"self":[{"href":"https:\/\/pue.edu.pl\/en\/wp-json\/wp\/v2\/pages\/7005","targetHints":{"allow":["GET"]}}],"collection":[{"href":"https:\/\/pue.edu.pl\/en\/wp-json\/wp\/v2\/pages"}],"about":[{"href":"https:\/\/pue.edu.pl\/en\/wp-json\/wp\/v2\/types\/page"}],"author":[{"embeddable":true,"href":"https:\/\/pue.edu.pl\/en\/wp-json\/wp\/v2\/users\/1"}],"replies":[{"embeddable":true,"href":"https:\/\/pue.edu.pl\/en\/wp-json\/wp\/v2\/comments?post=7005"}],"version-history":[{"count":4,"href":"https:\/\/pue.edu.pl\/en\/wp-json\/wp\/v2\/pages\/7005\/revisions"}],"predecessor-version":[{"id":7011,"href":"https:\/\/pue.edu.pl\/en\/wp-json\/wp\/v2\/pages\/7005\/revisions\/7011"}],"up":[{"embeddable":true,"href":"https:\/\/pue.edu.pl\/en\/wp-json\/wp\/v2\/pages\/17"}],"wp:attachment":[{"href":"https:\/\/pue.edu.pl\/en\/wp-json\/wp\/v2\/media?parent=7005"}],"curies":[{"name":"wp","href":"https:\/\/api.w.org\/{rel}","templated":true}]}}