{"id":7015,"date":"2024-07-15T08:31:35","date_gmt":"2024-07-15T08:31:35","guid":{"rendered":"https:\/\/pue.edu.pl\/?page_id=7015"},"modified":"2024-09-19T07:33:22","modified_gmt":"2024-09-19T07:33:22","slug":"no-bell","status":"publish","type":"page","link":"https:\/\/pue.edu.pl\/en\/czlonkowie\/no-bell\/","title":{"rendered":"No bell"},"content":{"rendered":"\t\t<div data-elementor-type=\"wp-page\" data-elementor-id=\"7015\" class=\"elementor elementor-7015\" data-elementor-post-type=\"page\">\n\t\t\t\t<div class=\"elementor-element elementor-element-f438d69 e-flex e-con-boxed e-con e-parent\" data-id=\"f438d69\" data-element_type=\"container\" data-e-type=\"container\" data-settings=\"{&quot;jet_parallax_layout_list&quot;:[{&quot;jet_parallax_layout_image&quot;:{&quot;url&quot;:&quot;&quot;,&quot;id&quot;:&quot;&quot;,&quot;size&quot;:&quot;&quot;},&quot;_id&quot;:&quot;b0efd22&quot;,&quot;jet_parallax_layout_image_tablet&quot;:{&quot;url&quot;:&quot;&quot;,&quot;id&quot;:&quot;&quot;,&quot;size&quot;:&quot;&quot;},&quot;jet_parallax_layout_image_mobile&quot;:{&quot;url&quot;:&quot;&quot;,&quot;id&quot;:&quot;&quot;,&quot;size&quot;:&quot;&quot;},&quot;jet_parallax_layout_speed&quot;:{&quot;unit&quot;:&quot;%&quot;,&quot;size&quot;:50,&quot;sizes&quot;:[]},&quot;jet_parallax_layout_type&quot;:&quot;scroll&quot;,&quot;jet_parallax_layout_direction&quot;:&quot;1&quot;,&quot;jet_parallax_layout_fx_direction&quot;:null,&quot;jet_parallax_layout_z_index&quot;:&quot;&quot;,&quot;jet_parallax_layout_bg_x&quot;:50,&quot;jet_parallax_layout_bg_x_tablet&quot;:&quot;&quot;,&quot;jet_parallax_layout_bg_x_mobile&quot;:&quot;&quot;,&quot;jet_parallax_layout_bg_y&quot;:50,&quot;jet_parallax_layout_bg_y_tablet&quot;:&quot;&quot;,&quot;jet_parallax_layout_bg_y_mobile&quot;:&quot;&quot;,&quot;jet_parallax_layout_bg_size&quot;:&quot;auto&quot;,&quot;jet_parallax_layout_bg_size_tablet&quot;:&quot;&quot;,&quot;jet_parallax_layout_bg_size_mobile&quot;:&quot;&quot;,&quot;jet_parallax_layout_animation_prop&quot;:&quot;transform&quot;,&quot;jet_parallax_layout_on&quot;:[&quot;desktop&quot;,&quot;tablet&quot;]}]}\">\n\t\t\t\t\t<div class=\"e-con-inner\">\n\t\t<div class=\"elementor-element elementor-element-a768f01 e-con-full e-flex e-con e-child\" data-id=\"a768f01\" data-element_type=\"container\" data-e-type=\"container\" data-settings=\"{&quot;jet_parallax_layout_list&quot;:[]}\">\n\t\t\t\t<div class=\"elementor-element elementor-element-aa2ae56 elementor-widget elementor-widget-jet-team-member\" data-id=\"aa2ae56\" data-element_type=\"widget\" data-e-type=\"widget\" data-widget_type=\"jet-team-member.default\">\n\t\t\t\t<div class=\"elementor-widget-container\">\n\t\t\t\t\t<div class=\"elementor-jet-team-member jet-elements\"><div class=\"jet-team-member\">\n\t<div class=\"jet-team-member__inner\">\n\t\t\t<div class=\"jet-team-member__image\">\n\t\t\t<div class=\"jet-team-member__cover\"><\/div>\n\t\t\t<figure class=\"jet-team-member__figure\"><img fetchpriority=\"high\" decoding=\"async\" width=\"400\" height=\"135\" src=\"https:\/\/pue.edu.pl\/wp-content\/uploads\/2024\/07\/LOGO-NEW-kopia.jpg\" class=\"jet-team-member__img-tag\" alt=\"LOGO NEW kopia\" srcset=\"https:\/\/pue.edu.pl\/wp-content\/uploads\/2024\/07\/LOGO-NEW-kopia.jpg 400w, https:\/\/pue.edu.pl\/wp-content\/uploads\/2024\/07\/LOGO-NEW-kopia-300x101.jpg 300w, https:\/\/pue.edu.pl\/wp-content\/uploads\/2024\/07\/LOGO-NEW-kopia-18x6.jpg 18w\" sizes=\"(max-width: 400px) 100vw, 400px\" \/><\/figure>\t\t<\/div>\n\t\t<div class=\"jet-team-member__content\"><div class=\"jet-team-member__socials\"><\/div><div class=\"jet-team-member__button-container\"><a class=\"elementor-button elementor-size-md jet-team-member__button\" href=\"https:\/\/www.nobell.edu.pl\/\">www.nobell.edu.pl\/<\/a><\/div><\/div>\n\t<\/div>\n\t<\/div>\n<\/div>\t\t\t\t<\/div>\n\t\t\t\t<\/div>\n\t\t\t\t<div class=\"elementor-element elementor-element-38c67f8 elementor-widget-divider--view-line elementor-widget elementor-widget-divider\" data-id=\"38c67f8\" data-element_type=\"widget\" data-e-type=\"widget\" data-widget_type=\"divider.default\">\n\t\t\t\t<div class=\"elementor-widget-container\">\n\t\t\t\t\t\t\t<div class=\"elementor-divider\">\n\t\t\t<span class=\"elementor-divider-separator\">\n\t\t\t\t\t\t<\/span>\n\t\t<\/div>\n\t\t\t\t\t\t<\/div>\n\t\t\t\t<\/div>\n\t\t\t\t<div class=\"elementor-element elementor-element-cc17f58 elementor-position-inline-start elementor-mobile-position-inline-start elementor-view-default elementor-widget elementor-widget-icon-box\" data-id=\"cc17f58\" data-element_type=\"widget\" data-e-type=\"widget\" data-widget_type=\"icon-box.default\">\n\t\t\t\t<div class=\"elementor-widget-container\">\n\t\t\t\t\t\t\t<div class=\"elementor-icon-box-wrapper\">\n\n\t\t\t\t\t\t<div class=\"elementor-icon-box-icon\">\n\t\t\t\t<span  class=\"elementor-icon\">\n\t\t\t\t<svg aria-hidden=\"true\" class=\"e-font-icon-svg e-fas-phone-alt\" viewBox=\"0 0 512 512\" xmlns=\"http:\/\/www.w3.org\/2000\/svg\"><path d=\"M497.39 361.8l-112-48a24 24 0 0 0-28 6.9l-49.6 60.6A370.66 370.66 0 0 1 130.6 204.11l60.6-49.6a23.94 23.94 0 0 0 6.9-28l-48-112A24.16 24.16 0 0 0 122.6.61l-104 24A24 24 0 0 0 0 48c0 256.5 207.9 464 464 464a24 24 0 0 0 23.4-18.6l24-104a24.29 24.29 0 0 0-14.01-27.6z\"><\/path><\/svg>\t\t\t\t<\/span>\n\t\t\t<\/div>\n\t\t\t\n\t\t\t\t\t\t<div class=\"elementor-icon-box-content\">\n\n\t\t\t\t\n\t\t\t\t\t\t\t\t\t<p class=\"elementor-icon-box-description\">\n\t\t\t\t\t\t+48  691 690 022\t\t\t\t\t<\/p>\n\t\t\t\t\n\t\t\t<\/div>\n\t\t\t\n\t\t<\/div>\n\t\t\t\t\t\t<\/div>\n\t\t\t\t<\/div>\n\t\t\t\t<div class=\"elementor-element elementor-element-d779ff1 elementor-position-inline-start elementor-mobile-position-inline-start elementor-view-default elementor-widget elementor-widget-icon-box\" data-id=\"d779ff1\" data-element_type=\"widget\" data-e-type=\"widget\" data-widget_type=\"icon-box.default\">\n\t\t\t\t<div class=\"elementor-widget-container\">\n\t\t\t\t\t\t\t<div class=\"elementor-icon-box-wrapper\">\n\n\t\t\t\t\t\t<div class=\"elementor-icon-box-icon\">\n\t\t\t\t<span  class=\"elementor-icon\">\n\t\t\t\t<i aria-hidden=\"true\" class=\"nc-icon-outline ui-1_email-83\"><\/i>\t\t\t\t<\/span>\n\t\t\t<\/div>\n\t\t\t\n\t\t\t\t\t\t<div class=\"elementor-icon-box-content\">\n\n\t\t\t\t\n\t\t\t\t\t\t\t\t\t<p class=\"elementor-icon-box-description\">\n\t\t\t\t\t\tsekretarz@nobell.edu.pl\t\t\t\t\t<\/p>\n\t\t\t\t\n\t\t\t<\/div>\n\t\t\t\n\t\t<\/div>\n\t\t\t\t\t\t<\/div>\n\t\t\t\t<\/div>\n\t\t\t\t<div class=\"elementor-element elementor-element-2d37295 elementor-position-inline-start elementor-mobile-position-inline-start elementor-view-default elementor-widget elementor-widget-icon-box\" data-id=\"2d37295\" data-element_type=\"widget\" data-e-type=\"widget\" data-widget_type=\"icon-box.default\">\n\t\t\t\t<div class=\"elementor-widget-container\">\n\t\t\t\t\t\t\t<div class=\"elementor-icon-box-wrapper\">\n\n\t\t\t\t\t\t<div class=\"elementor-icon-box-icon\">\n\t\t\t\t<span  class=\"elementor-icon\">\n\t\t\t\t<i aria-hidden=\"true\" class=\"nc-icon-outline location_position-pin\"><\/i>\t\t\t\t<\/span>\n\t\t\t<\/div>\n\t\t\t\n\t\t\t\t\t\t<div class=\"elementor-icon-box-content\">\n\n\t\t\t\t\n\t\t\t\t\t\t\t\t\t<p class=\"elementor-icon-box-description\">\n\t\t\t\t\t\tul. Mirkowska 39\n05-520 Konstancin-Jeziorna\t\t\t\t\t<\/p>\n\t\t\t\t\n\t\t\t<\/div>\n\t\t\t\n\t\t<\/div>\n\t\t\t\t\t\t<\/div>\n\t\t\t\t<\/div>\n\t\t\t\t<\/div>\n\t\t<div class=\"elementor-element elementor-element-e98f521 e-con-full e-flex e-con e-child\" data-id=\"e98f521\" data-element_type=\"container\" data-e-type=\"container\" data-settings=\"{&quot;jet_parallax_layout_list&quot;:[]}\">\n\t\t\t\t<div class=\"elementor-element elementor-element-746c836 elementor-widget elementor-widget-heading\" data-id=\"746c836\" data-element_type=\"widget\" data-e-type=\"widget\" data-widget_type=\"heading.default\">\n\t\t\t\t<div class=\"elementor-widget-container\">\n\t\t\t\t\t<h2 class=\"elementor-heading-title elementor-size-small\">No bell<\/h2>\t\t\t\t<\/div>\n\t\t\t\t<\/div>\n\t\t\t\t<div class=\"elementor-element elementor-element-9630ba4 elementor-widget elementor-widget-text-editor\" data-id=\"9630ba4\" data-element_type=\"widget\" data-e-type=\"widget\" data-widget_type=\"text-editor.default\">\n\t\t\t\t<div class=\"elementor-widget-container\">\n\t\t\t\t\t\t\t\t\t<p>Wszyscy wiemy (lub s\u0105dzimy, \u017ce wiemy), bez czego nie mo\u017ce oby\u0107 si\u0119 szko\u0142a. Bez ocen i odpytywania, kt\u00f3re tworz\u0105 \u201egwarantowan\u0105\u201d (cho\u0107 wybitnie sztuczn\u0105) motywacj\u0119 dla uczniowskiej pracy; bez dzwonk\u00f3w i planu lekcji, kt\u00f3re wyznaczaj\u0105 rytm i porz\u0105dek tej pracy; bez podr\u0119cznik\u00f3w, kt\u00f3re m\u00f3wi\u0105, czego NALE\u017bY si\u0119 uczy\u0107, oraz nauczycieli, kt\u00f3rzy cz\u0119sto ostrzegaj\u0105, czego uczy\u0107 si\u0119, robi\u0107 i my\u015ble\u0107 NIE NALE\u017bY.<\/p><p>Bez dzwonk\u00f3w, bez schemat\u00f3w, bez granic dla nauki, z u\u015bmiechem, energi\u0105 i pomys\u0142ami. Tak wyobra\u017camy sobie edukacj\u0119 i tak te\u017c uczmy w No Bell. U nas niekonwencjonalnie oraz niebanalnie rozwi\u0105zania buduj\u0105 codzienno\u015b\u0107 szkoln\u0105.<\/p><p>W No Bell inicjujemy i wdra\u017camy nowoczesn\u0105 my\u015bl i praktyk\u0119 edukacyjn\u0105, dlatego te\u017c jedyn\u0105 pewn\u0105 rzecz\u0105 w naszej szkole jest nieustanna zmiana \u2013 \u015bwiat si\u0119 zmienia, dzieci si\u0119 zmieniaj\u0105, dlatego te\u017c zmieniamy si\u0119 i my.<\/p><p>Staramy si\u0119, aby nasi uczniowie byli szcz\u0119\u015bliwi o spe\u0142nieni \u201etu i teraz\u201d oraz ka\u017cdego kolejnego dnia. Szukamy prawdziwego znaczenia kreatywno\u015bci i innowacyjno\u015bci, prawdziwego znaczenia s\u0142\u00f3w: samodzielno\u015b\u0107 i autonomia.<\/p><p>Czy nauczanie przez zadawanie jest potrzebne i efektywne? My twierdzimy, \u017ce nie! Praca domowa to dla nas \u201elekcja odpowiedzialno\u015bci i sumienno\u015bci\u201d, a nie chmura gradowa, kt\u00f3ra, \u201ewisi\u201d nad dzieckiem i rodzicem, przys\u0142aniaj\u0105c pi\u0119kn\u0105 pogod\u0119 \u017cycia rodzinnego.<\/p><p>Pracujemy w zgodzie z m\u00f3zgiem, jego mo\u017cliwo\u015bciami potrzebami. Dlatego te\u017c podchodzimy do dziecka w spos\u00f3b holistyczny \u2013 od nauki przez analiz\u0119 emocji, zdrow\u0105 kuchni\u0119 do w\u0142a\u015bciwej dawki ruchu. Mamy twarde dowody na to, \u017ce nasza metoda dzia\u0142a \u2013 osi\u0105gamy najwy\u017csze wyniki egzaminu sz\u00f3stoklasisty i gimnazjalnego w powiecie, sytuujemy si\u0119 te\u017c w czo\u0142\u00f3wce warszawskich szk\u00f3\u0142.<\/p><p>Od wielu lat w Konstancinie-Jeziornie rzeczywisto\u015b\u0107 szkolna wygl\u0105da zupe\u0142nie inaczej, bo wszyscy wiemy (lub s\u0105dzimy, \u017ce wiemy), bez czego nie mo\u017ce oby\u0107 si\u0119 szko\u0142a.<\/p>\t\t\t\t\t\t\t\t<\/div>\n\t\t\t\t<\/div>\n\t\t\t\t<div class=\"elementor-element elementor-element-9c06595 elementor-widget elementor-widget-heading\" data-id=\"9c06595\" data-element_type=\"widget\" data-e-type=\"widget\" data-widget_type=\"heading.default\">\n\t\t\t\t<div class=\"elementor-widget-container\">\n\t\t\t\t\t<h2 class=\"elementor-heading-title elementor-size-small\">Osoba reprezentuj\u0105ca w PUE: Joanna G\u00f3recka<\/h2>\t\t\t\t<\/div>\n\t\t\t\t<\/div>\n\t\t\t\t<div class=\"elementor-element elementor-element-ee1cbe7 elementor-widget elementor-widget-heading\" data-id=\"ee1cbe7\" data-element_type=\"widget\" data-e-type=\"widget\" data-widget_type=\"heading.default\">\n\t\t\t\t<div class=\"elementor-widget-container\">\n\t\t\t\t\t<h2 class=\"elementor-heading-title elementor-size-small\">Dzia\u0142alno\u015b\u0107:  \tKszta\u0142cenie m\u0142odzie\u017cy.<\/h2>\t\t\t\t<\/div>\n\t\t\t\t<\/div>\n\t\t\t\t<\/div>\n\t\t\t\t\t<\/div>\n\t\t\t\t<\/div>\n\t\t\t\t<\/div>\n\t\t","protected":false},"excerpt":{"rendered":"<p>www.nobell.edu.pl\/ +48 691 690 022 sekretarz@nobell.edu.pl ul. Mirkowska 39 05-520 Konstancin-Jeziorna No bell Wszyscy wiemy (lub s\u0105dzimy, \u017ce wiemy), bez czego nie mo\u017ce oby\u0107 si\u0119 szko\u0142a. Bez ocen i odpytywania, kt\u00f3re tworz\u0105 \u201egwarantowan\u0105\u201d (cho\u0107 wybitnie sztuczn\u0105) motywacj\u0119 dla uczniowskiej pracy; bez dzwonk\u00f3w i planu lekcji, kt\u00f3re wyznaczaj\u0105 rytm i porz\u0105dek tej pracy; bez podr\u0119cznik\u00f3w, kt\u00f3re [&hellip;]<\/p>\n","protected":false},"author":1,"featured_media":0,"parent":17,"menu_order":0,"comment_status":"closed","ping_status":"closed","template":"elementor_header_footer","meta":{"footnotes":""},"class_list":["post-7015","page","type-page","status-publish","hentry"],"_links":{"self":[{"href":"https:\/\/pue.edu.pl\/en\/wp-json\/wp\/v2\/pages\/7015","targetHints":{"allow":["GET"]}}],"collection":[{"href":"https:\/\/pue.edu.pl\/en\/wp-json\/wp\/v2\/pages"}],"about":[{"href":"https:\/\/pue.edu.pl\/en\/wp-json\/wp\/v2\/types\/page"}],"author":[{"embeddable":true,"href":"https:\/\/pue.edu.pl\/en\/wp-json\/wp\/v2\/users\/1"}],"replies":[{"embeddable":true,"href":"https:\/\/pue.edu.pl\/en\/wp-json\/wp\/v2\/comments?post=7015"}],"version-history":[{"count":13,"href":"https:\/\/pue.edu.pl\/en\/wp-json\/wp\/v2\/pages\/7015\/revisions"}],"predecessor-version":[{"id":7113,"href":"https:\/\/pue.edu.pl\/en\/wp-json\/wp\/v2\/pages\/7015\/revisions\/7113"}],"up":[{"embeddable":true,"href":"https:\/\/pue.edu.pl\/en\/wp-json\/wp\/v2\/pages\/17"}],"wp:attachment":[{"href":"https:\/\/pue.edu.pl\/en\/wp-json\/wp\/v2\/media?parent=7015"}],"curies":[{"name":"wp","href":"https:\/\/api.w.org\/{rel}","templated":true}]}}